{"id":52204,"date":"2022-06-29T12:53:47","date_gmt":"2022-06-29T10:53:47","guid":{"rendered":"https:\/\/secureus.se\/produkt\/larmbox-20pol-apparatdosa\/"},"modified":"2026-04-08T16:40:36","modified_gmt":"2026-04-08T14:40:36","slug":"larmbox-20pol-apparatdosa","status":"publish","type":"product","link":"https:\/\/secureus.se\/de\/larmbox-20pol-apparatdosa\/","title":{"rendered":"Alarmbox 20Pol Ger\u00e4tebox"},"content":{"rendered":"<p>Anschlussklemme zur Einbaumontage in Ger\u00e4tedose mit 60mm Lochabstand. Ist f\u00fcr den einfachen Anschluss von Peripherieger\u00e4ten wie Magnetkontakten, Glasbruchmeldern usw. geeignet. Auch als externe Minibox erh\u00e4ltlich, siehe 28120.03 (Enr 5015216). Lieferung mit einer quadratischen Abdeckung 86 x 86 mm aus wei\u00dfem UL94-V0-Kunststoff.<\/p>","protected":false},"excerpt":{"rendered":"<p>Klemmenblock zur Einbaumontage in Ger\u00e4tedose mit 60mm Lochabstand. Ist f\u00fcr den einfachen Anschluss von Peripherieger\u00e4ten wie Magnetkontakten, Glasbruchmeldern usw. geeignet. Auch als externe Minibox erh\u00e4ltlich, siehe 28120.03 (Enr<\/p>","protected":false},"featured_media":142988,"template":"","meta":{"_acf_changed":false},"product_brand":[],"product_cat":[1545],"product_tag":[2217,2222],"class_list":{"0":"post-52204","1":"product","2":"type-product","3":"status-publish","4":"has-post-thumbnail","6":"product_cat-kopplingsdosa-larmdosa","7":"product_tag-dosa-20-polig","8":"product_tag-dosa-for-kopplingsdosa-k-dosa","9":"product_shipping_class-postnord-varubrev","10":"pa_brands-alarmtech","11":"pa_farg-vit","12":"tm-no-options","14":"first","15":"instock","16":"sale","17":"taxable","18":"shipping-taxable","19":"purchasable","20":"product-type-simple"},"acf":[],"_links":{"self":[{"href":"https:\/\/secureus.se\/de\/wp-json\/wp\/v2\/product\/52204","targetHints":{"allow":["GET"]}}],"collection":[{"href":"https:\/\/secureus.se\/de\/wp-json\/wp\/v2\/product"}],"about":[{"href":"https:\/\/secureus.se\/de\/wp-json\/wp\/v2\/types\/product"}],"wp:featuredmedia":[{"embeddable":true,"href":"https:\/\/secureus.se\/de\/wp-json\/wp\/v2\/media\/142988"}],"wp:attachment":[{"href":"https:\/\/secureus.se\/de\/wp-json\/wp\/v2\/media?parent=52204"}],"wp:term":[{"taxonomy":"product_brand","embeddable":true,"href":"https:\/\/secureus.se\/de\/wp-json\/wp\/v2\/product_brand?post=52204"},{"taxonomy":"product_cat","embeddable":true,"href":"https:\/\/secureus.se\/de\/wp-json\/wp\/v2\/product_cat?post=52204"},{"taxonomy":"product_tag","embeddable":true,"href":"https:\/\/secureus.se\/de\/wp-json\/wp\/v2\/product_tag?post=52204"}],"curies":[{"name":"wp","href":"https:\/\/api.w.org\/{rel}","templated":true}]}}