{"id":52209,"date":"2022-06-29T12:51:49","date_gmt":"2022-06-29T10:51:49","guid":{"rendered":"https:\/\/secureus.se\/produkt\/kk-lada-19-linjal-m-lock\/"},"modified":"2026-04-08T16:41:40","modified_gmt":"2026-04-08T14:41:40","slug":"kk-lada-19-linjal-m-lock","status":"publish","type":"product","link":"https:\/\/secureus.se\/de\/kk-lada-19-linjal-m-lock\/","title":{"rendered":"Kk-Drawer 19\u2033 Lineal M Deckel"},"content":{"rendered":"<p>Lineal mit Abdeckung f\u00fcr den 19&quot;-Rackeinbau von FATUM-Modulklemmen. Lieferung mit vormontierten Klemmenabstandshaltern und wei\u00df pulverbeschichteter Abdeckung mit einem Loch in der linken Ecke f\u00fcr das Signaturterminal. Komplett mit Kabelschutz 0901.21 zum Durchf\u00fchren von Kabeln durch das Loch des Lineals und Klemmensignatur 3131.01 (Enr. 5015386), die an der ersten Klemmenposition eingerastet wird, alternativ 3132.01 (Enr. 5015560) einer Wandsignatur.<\/p>","protected":false},"excerpt":{"rendered":"<p>Lineal mit Abdeckung f\u00fcr den 19&quot;-Rackeinbau von FATUM-Modulklemmen. Lieferung mit vormontierten Klemmenabstandshaltern und wei\u00df pulverbeschichteter Abdeckung mit einem Loch in der linken Ecke f\u00fcr das Signaturterminal. Komplett mit Kabelschutz 0901.21 f\u00fcr<\/p>","protected":false},"featured_media":142414,"template":"","meta":{"_acf_changed":false},"product_brand":[],"product_cat":[1547],"product_tag":[2213],"class_list":{"0":"post-52209","1":"product","2":"type-product","3":"status-publish","4":"has-post-thumbnail","6":"product_cat-plint-larm-telebox","7":"product_tag-box-19-med-tillbehor","8":"product_shipping_class-tunga-paket","9":"pa_brands-alarmtech","10":"tm-no-options","12":"first","13":"instock","14":"sale","15":"taxable","16":"shipping-taxable","17":"purchasable","18":"product-type-simple"},"acf":[],"_links":{"self":[{"href":"https:\/\/secureus.se\/de\/wp-json\/wp\/v2\/product\/52209","targetHints":{"allow":["GET"]}}],"collection":[{"href":"https:\/\/secureus.se\/de\/wp-json\/wp\/v2\/product"}],"about":[{"href":"https:\/\/secureus.se\/de\/wp-json\/wp\/v2\/types\/product"}],"wp:featuredmedia":[{"embeddable":true,"href":"https:\/\/secureus.se\/de\/wp-json\/wp\/v2\/media\/142414"}],"wp:attachment":[{"href":"https:\/\/secureus.se\/de\/wp-json\/wp\/v2\/media?parent=52209"}],"wp:term":[{"taxonomy":"product_brand","embeddable":true,"href":"https:\/\/secureus.se\/de\/wp-json\/wp\/v2\/product_brand?post=52209"},{"taxonomy":"product_cat","embeddable":true,"href":"https:\/\/secureus.se\/de\/wp-json\/wp\/v2\/product_cat?post=52209"},{"taxonomy":"product_tag","embeddable":true,"href":"https:\/\/secureus.se\/de\/wp-json\/wp\/v2\/product_tag?post=52209"}],"curies":[{"name":"wp","href":"https:\/\/api.w.org\/{rel}","templated":true}]}}