{"id":52210,"date":"2022-06-29T12:51:16","date_gmt":"2022-06-29T10:51:16","guid":{"rendered":"https:\/\/secureus.se\/produkt\/sakringsplint-10-30v-dc-ac\/"},"modified":"2026-04-27T15:54:04","modified_gmt":"2026-04-27T13:54:04","slug":"sakringsplint-10-30v-dc-ac","status":"publish","type":"product","link":"https:\/\/secureus.se\/de\/sakringsplint-10-30v-dc-ac\/","title":{"rendered":"Sicherungsklemme 10\u201330 V DC\/AC"},"content":{"rendered":"<p>Zur Verteilung der Stromversorgung von 10A auf 5 Abschnitte. 2-polig abgesichert mit max. 2A. Relais in Reihe mit LED zur Anzeige einer vollen Sicherung, gilt sowohl f\u00fcr + als auch f\u00fcr \u2013. Vollst\u00e4ndiger Alarm beim Schlie\u00dfen oder Brechen. Separates Terminal zum Anschluss an den Bildschirm. Komplett mit Signatur-Split 3131.01 (Enr 5015386). Der Sockel hat eine Gr\u00f6\u00dfe von 116x80x16mm und passt in die Kunststoffbox 4103.02, 4103.03 oder in die etwas gr\u00f6\u00dferen Metallboxen. Auch als Fertigprodukt in einer Kunststoffbox erh\u00e4ltlich, siehe Art.-Nr. 4103.7103 (Enr. 5015329).<\/p>","protected":false},"excerpt":{"rendered":"<p>Zur Verteilung der Stromversorgung von 10A auf 5 Abschnitte. 2-polig abgesichert mit max. 2A. Relais in Reihe mit LED zur Anzeige einer vollen Sicherung, gilt sowohl f\u00fcr + als auch f\u00fcr \u2013. Totaler Alarm<\/p>","protected":false},"featured_media":142619,"template":"","meta":{"_acf_changed":false},"product_brand":[],"product_cat":[4153,1548],"product_tag":[2427,2232],"class_list":{"0":"post-52210","1":"product","2":"type-product","3":"status-publish","4":"has-post-thumbnail","6":"product_cat-sakringsmodul","7":"product_cat-relaer-elektronik","8":"product_tag-rel-relaelektonik","9":"product_tag-rela-sakringsmodul","10":"product_shipping_class-postnord-varubrev","11":"pa_brands-alarmtech","12":"pa_farg-ovrigt","13":"tm-no-options","15":"first","16":"instock","17":"sale","18":"taxable","19":"shipping-taxable","20":"purchasable","21":"product-type-simple"},"acf":[],"_links":{"self":[{"href":"https:\/\/secureus.se\/de\/wp-json\/wp\/v2\/product\/52210","targetHints":{"allow":["GET"]}}],"collection":[{"href":"https:\/\/secureus.se\/de\/wp-json\/wp\/v2\/product"}],"about":[{"href":"https:\/\/secureus.se\/de\/wp-json\/wp\/v2\/types\/product"}],"wp:featuredmedia":[{"embeddable":true,"href":"https:\/\/secureus.se\/de\/wp-json\/wp\/v2\/media\/142619"}],"wp:attachment":[{"href":"https:\/\/secureus.se\/de\/wp-json\/wp\/v2\/media?parent=52210"}],"wp:term":[{"taxonomy":"product_brand","embeddable":true,"href":"https:\/\/secureus.se\/de\/wp-json\/wp\/v2\/product_brand?post=52210"},{"taxonomy":"product_cat","embeddable":true,"href":"https:\/\/secureus.se\/de\/wp-json\/wp\/v2\/product_cat?post=52210"},{"taxonomy":"product_tag","embeddable":true,"href":"https:\/\/secureus.se\/de\/wp-json\/wp\/v2\/product_tag?post=52210"}],"curies":[{"name":"wp","href":"https:\/\/api.w.org\/{rel}","templated":true}]}}