{"id":52211,"date":"2022-06-29T12:50:58","date_gmt":"2022-06-29T10:50:58","guid":{"rendered":"https:\/\/secureus.se\/produkt\/karmoverforing-14mm-rostfri\/"},"modified":"2026-04-23T11:07:36","modified_gmt":"2026-04-23T09:07:36","slug":"karmoverforing-14mm-rostfri","status":"publish","type":"product","link":"https:\/\/secureus.se\/de\/karmoverforing-14mm-rostfri\/","title":{"rendered":"Rahmen\u00fcbertragung 14 mm Edelstahl"},"content":{"rendered":"<p>Rahmen\u00fcbertragung mit Edelstahlschlauch mit Kabelschutz an beiden Enden zum Schutz des Kabels beim \u00dcbergang von der T\u00fcr zum Rahmen. 40 cm lang, Au\u00dfendurchmesser 14 mm, Innendurchmesser 10,5 mm. Maximaler Kabeldurchmesser 8,8 mm. Die Wandhalterungen messen 36 x 36 x 17,7 mm und verf\u00fcgen \u00fcber Rillen, die den Schlauch f\u00fcr eine sichere Montage fixieren. Wandhalterung aus Silber und Edelstahlschlauch. Wandhalterung ist auch lose erh\u00e4ltlich, DL H14 (Silber). Andere Farben (wei\u00df und braun) k\u00f6nnen speziell bestellt werden.<\/p>","protected":false},"excerpt":{"rendered":"<p>Rahmen\u00fcbertragung mit Edelstahlschlauch mit Kabelschutz an beiden Enden zum Schutz des Kabels beim \u00dcbergang von der T\u00fcr zum Rahmen. 40 cm lang, Au\u00dfendurchmesser 14 mm, Innendurchmesser 10,5 mm. Maximaler Kabeldurchmesser<\/p>","protected":false},"featured_media":142139,"template":"","meta":{"_acf_changed":false},"product_brand":[],"product_cat":[1546],"product_tag":[],"class_list":{"0":"post-52211","1":"product","2":"type-product","3":"status-publish","4":"has-post-thumbnail","6":"product_cat-kabeloverforing","7":"product_shipping_class-postnord-varubrev","8":"tm-no-options","10":"first","11":"instock","12":"sale","13":"taxable","14":"shipping-taxable","15":"purchasable","16":"product-type-simple"},"acf":[],"_links":{"self":[{"href":"https:\/\/secureus.se\/de\/wp-json\/wp\/v2\/product\/52211","targetHints":{"allow":["GET"]}}],"collection":[{"href":"https:\/\/secureus.se\/de\/wp-json\/wp\/v2\/product"}],"about":[{"href":"https:\/\/secureus.se\/de\/wp-json\/wp\/v2\/types\/product"}],"wp:featuredmedia":[{"embeddable":true,"href":"https:\/\/secureus.se\/de\/wp-json\/wp\/v2\/media\/142139"}],"wp:attachment":[{"href":"https:\/\/secureus.se\/de\/wp-json\/wp\/v2\/media?parent=52211"}],"wp:term":[{"taxonomy":"product_brand","embeddable":true,"href":"https:\/\/secureus.se\/de\/wp-json\/wp\/v2\/product_brand?post=52211"},{"taxonomy":"product_cat","embeddable":true,"href":"https:\/\/secureus.se\/de\/wp-json\/wp\/v2\/product_cat?post=52211"},{"taxonomy":"product_tag","embeddable":true,"href":"https:\/\/secureus.se\/de\/wp-json\/wp\/v2\/product_tag?post=52211"}],"curies":[{"name":"wp","href":"https:\/\/api.w.org\/{rel}","templated":true}]}}