{"id":52213,"date":"2022-06-29T12:50:17","date_gmt":"2022-06-29T10:50:17","guid":{"rendered":"https:\/\/secureus.se\/produkt\/kopplingsbox-plat-5-plint\/"},"modified":"2026-03-26T11:47:05","modified_gmt":"2026-03-26T10:47:05","slug":"kopplingsbox-plat-5-plint","status":"publish","type":"product","link":"https:\/\/secureus.se\/de\/kopplingsbox-plat-5-plint\/","title":{"rendered":"Anschlusskastenplatte 5 Anschl\u00fcsse"},"content":{"rendered":"<p>Robuste Box aus verzinktem Blech mit wei\u00df lackiertem Deckel und vorgestanzten, mit Kunststoffstopfen abgedeckten Kabelausg\u00e4ngen. Abmessungen 128x247x38mm. Passt auf alle Modulterminals des Fatum-Programms und ist f\u00fcr 5 Module vorbereitet. Die Box ist auch in der gleichen Gr\u00f6\u00dfe, jedoch mit Signatur\u00f6ffnung, erh\u00e4ltlich, siehe 3205.03 (5015263). Zu erg\u00e4nzen mit Signaturschild f\u00fcr Wand, Artikelnummer 3132.01 (5015560), zus\u00e4tzlichem D\u00fcbel 0905.18 (5015540) und Wandabstandshaltern 2590.04 (5015360)<\/p>","protected":false},"excerpt":{"rendered":"<p>Robuste Box aus verzinktem Blech mit wei\u00df lackiertem Deckel und vorgestanzten, mit Kunststoffstopfen abgedeckten Kabelausg\u00e4ngen. Abmessungen 128x247x38mm. Passt auf alle Modulterminals des Fatum-Programms und ist f\u00fcr 5 Module vorbereitet. Die Kiste ist da<\/p>","protected":false},"featured_media":142501,"template":"","meta":{"_acf_changed":false},"product_brand":[],"product_cat":[1547],"product_tag":[2210],"class_list":{"0":"post-52213","1":"product","2":"type-product","3":"status-publish","4":"has-post-thumbnail","6":"product_cat-plint-larm-telebox","7":"product_tag-box-plat","8":"product_shipping_class-tunga-paket","9":"pa_brands-alarmtech","10":"tm-no-options","12":"first","13":"instock","14":"sale","15":"taxable","16":"shipping-taxable","17":"purchasable","18":"product-type-simple"},"acf":[],"_links":{"self":[{"href":"https:\/\/secureus.se\/de\/wp-json\/wp\/v2\/product\/52213","targetHints":{"allow":["GET"]}}],"collection":[{"href":"https:\/\/secureus.se\/de\/wp-json\/wp\/v2\/product"}],"about":[{"href":"https:\/\/secureus.se\/de\/wp-json\/wp\/v2\/types\/product"}],"wp:featuredmedia":[{"embeddable":true,"href":"https:\/\/secureus.se\/de\/wp-json\/wp\/v2\/media\/142501"}],"wp:attachment":[{"href":"https:\/\/secureus.se\/de\/wp-json\/wp\/v2\/media?parent=52213"}],"wp:term":[{"taxonomy":"product_brand","embeddable":true,"href":"https:\/\/secureus.se\/de\/wp-json\/wp\/v2\/product_brand?post=52213"},{"taxonomy":"product_cat","embeddable":true,"href":"https:\/\/secureus.se\/de\/wp-json\/wp\/v2\/product_cat?post=52213"},{"taxonomy":"product_tag","embeddable":true,"href":"https:\/\/secureus.se\/de\/wp-json\/wp\/v2\/product_tag?post=52213"}],"curies":[{"name":"wp","href":"https:\/\/api.w.org\/{rel}","templated":true}]}}