{"id":52224,"date":"2022-06-29T12:48:07","date_gmt":"2022-06-29T10:48:07","guid":{"rendered":"https:\/\/secureus.se\/produkt\/kopplingsbox-plast-ip55-3\/"},"modified":"2026-03-26T11:48:28","modified_gmt":"2026-03-26T10:48:28","slug":"kopplingsbox-plast-ip55-3","status":"publish","type":"product","link":"https:\/\/secureus.se\/de\/kopplingsbox-plast-ip55-3\/","title":{"rendered":"Anschlussdose Kunststoff IP55 3"},"content":{"rendered":"<p>Erh\u00e4ltlich in zwei Versionen. Vollfl\u00e4chiger Deckel oder mit sichtbarer Signatur durch eine \u00d6ffnung im Deckel. Die Signatur wird auf dem Sockel in der Box eingerastet und verbleibt auch beim Abnehmen des Deckels. Die Box kann mit einem Wandabstandshalter zur einfachen Kabelf\u00fchrung in die untere Einheit der Box vervollst\u00e4ndigt werden. Mit Sockel und Signatur erg\u00e4nzen.<\/p>","protected":false},"excerpt":{"rendered":"<p>Erh\u00e4ltlich in zwei Designs. Vollfl\u00e4chiger Deckel oder mit sichtbarer Signatur durch eine \u00d6ffnung im Deckel. Die Signatur wird auf dem Sockel in der Box eingerastet und verbleibt auch beim Abnehmen des Deckels. Die Box kann erg\u00e4nzt werden<\/p>","protected":false},"featured_media":142764,"template":"","meta":{"_acf_changed":false},"product_brand":[],"product_cat":[1547],"product_tag":[],"class_list":{"0":"post-52224","1":"product","2":"type-product","3":"status-publish","4":"has-post-thumbnail","6":"product_cat-plint-larm-telebox","7":"product_shipping_class-tunga-paket","8":"pa_brands-alarmtech","9":"tm-no-options","11":"first","12":"instock","13":"sale","14":"taxable","15":"shipping-taxable","16":"purchasable","17":"product-type-simple"},"acf":[],"_links":{"self":[{"href":"https:\/\/secureus.se\/de\/wp-json\/wp\/v2\/product\/52224","targetHints":{"allow":["GET"]}}],"collection":[{"href":"https:\/\/secureus.se\/de\/wp-json\/wp\/v2\/product"}],"about":[{"href":"https:\/\/secureus.se\/de\/wp-json\/wp\/v2\/types\/product"}],"wp:featuredmedia":[{"embeddable":true,"href":"https:\/\/secureus.se\/de\/wp-json\/wp\/v2\/media\/142764"}],"wp:attachment":[{"href":"https:\/\/secureus.se\/de\/wp-json\/wp\/v2\/media?parent=52224"}],"wp:term":[{"taxonomy":"product_brand","embeddable":true,"href":"https:\/\/secureus.se\/de\/wp-json\/wp\/v2\/product_brand?post=52224"},{"taxonomy":"product_cat","embeddable":true,"href":"https:\/\/secureus.se\/de\/wp-json\/wp\/v2\/product_cat?post=52224"},{"taxonomy":"product_tag","embeddable":true,"href":"https:\/\/secureus.se\/de\/wp-json\/wp\/v2\/product_tag?post=52224"}],"curies":[{"name":"wp","href":"https:\/\/api.w.org\/{rel}","templated":true}]}}