{"id":52226,"date":"2022-06-29T12:47:56","date_gmt":"2022-06-29T10:47:56","guid":{"rendered":"https:\/\/secureus.se\/produkt\/larmbox-mini-20-pol-skruv\/"},"modified":"2026-03-26T11:48:40","modified_gmt":"2026-03-26T10:48:40","slug":"larmbox-mini-20-pol-skruv","status":"publish","type":"product","link":"https:\/\/secureus.se\/de\/larmbox-mini-20-pol-skruv\/","title":{"rendered":"Alarmbox Mini 20 Pole Screw"},"content":{"rendered":"<p>Schraubklemme mit Aufzugsfunktion und f\u00fcr 0,14\u20131 mm2 Draht. Komplettes Produkt in einer kleinen wei\u00dfen Anschlussdose aus UL94-V0-Kunststoff (flammfest und halogenfrei) in stabiler Materialst\u00e4rke. Die Anschlussdose kann mit stapelbaren Wandabstandshaltern in 6 mm oder 13 mm L\u00e4nge, siehe 2581.06, Enr 5015236 oder 2581.13 Enr 5015238, sowie einem kleinen Wandschild, siehe 3132.01 Enr 5015560, erg\u00e4nzt werden.<\/p>","protected":false},"excerpt":{"rendered":"<p>Schraubklemme mit Aufzugsfunktion und f\u00fcr 0,14\u20131 mm2 Draht. Komplettes Produkt in einer kleinen wei\u00dfen Anschlussdose aus UL94-V0-Kunststoff (flammfest und halogenfrei) in stabiler Materialst\u00e4rke. Die Anschlussdose kann mit stapelbaren Wandabstandshaltern z.B. erg\u00e4nzt werden<\/p>","protected":false},"featured_media":142472,"template":"","meta":{"_acf_changed":false},"product_brand":[],"product_cat":[1545],"product_tag":[2217,2220],"class_list":{"0":"post-52226","1":"product","2":"type-product","3":"status-publish","4":"has-post-thumbnail","6":"product_cat-kopplingsdosa-larmdosa","7":"product_tag-dosa-20-polig","8":"product_tag-dosor-rekommenderade-lagt-pris","9":"product_shipping_class-postnord-varubrev","10":"pa_brands-alarmtech","11":"pa_farg-vit","12":"tm-no-options","14":"first","15":"instock","16":"sale","17":"taxable","18":"shipping-taxable","19":"purchasable","20":"product-type-simple"},"acf":[],"_links":{"self":[{"href":"https:\/\/secureus.se\/de\/wp-json\/wp\/v2\/product\/52226","targetHints":{"allow":["GET"]}}],"collection":[{"href":"https:\/\/secureus.se\/de\/wp-json\/wp\/v2\/product"}],"about":[{"href":"https:\/\/secureus.se\/de\/wp-json\/wp\/v2\/types\/product"}],"wp:featuredmedia":[{"embeddable":true,"href":"https:\/\/secureus.se\/de\/wp-json\/wp\/v2\/media\/142472"}],"wp:attachment":[{"href":"https:\/\/secureus.se\/de\/wp-json\/wp\/v2\/media?parent=52226"}],"wp:term":[{"taxonomy":"product_brand","embeddable":true,"href":"https:\/\/secureus.se\/de\/wp-json\/wp\/v2\/product_brand?post=52226"},{"taxonomy":"product_cat","embeddable":true,"href":"https:\/\/secureus.se\/de\/wp-json\/wp\/v2\/product_cat?post=52226"},{"taxonomy":"product_tag","embeddable":true,"href":"https:\/\/secureus.se\/de\/wp-json\/wp\/v2\/product_tag?post=52226"}],"curies":[{"name":"wp","href":"https:\/\/api.w.org\/{rel}","templated":true}]}}