{"id":52230,"date":"2022-06-29T12:47:26","date_gmt":"2022-06-29T10:47:26","guid":{"rendered":"https:\/\/secureus.se\/produkt\/relakort-rc-1\/"},"modified":"2026-04-23T11:07:49","modified_gmt":"2026-04-23T09:07:49","slug":"relakort-rc-1","status":"publish","type":"product","link":"https:\/\/secureus.se\/de\/relakort-rc-1\/","title":{"rendered":"Relaiskarte Rc 1 \u2013 Alarmtech"},"content":{"rendered":"<p>Eine sehr kleine Universal-Relaisplatine mit selbstklebendem Pad zur einfachen Montage \u00fcberall. Der Anschluss erfolgt \u00fcber Schraubklemmen. Steuersignal und Stromversorgung werden \u00fcber ein 15 cm langes Kabel angeschlossen. Die Ansteuerung des 1A-Relais erfolgt \u00fcber einen Transistor, wodurch ein sehr geringes Steuersignal ben\u00f6tigt wird (1mA). LED zeigt an, wenn das Relais aktiviert ist.<\/p>","protected":false},"excerpt":{"rendered":"<p>RELAISKARTE 1 X WECHSELNDER M ANSL<\/p>","protected":false},"featured_media":142320,"template":"","meta":{"_acf_changed":false},"product_brand":[],"product_cat":[1548],"product_tag":[2234],"class_list":{"0":"post-52230","1":"product","2":"type-product","3":"status-publish","4":"has-post-thumbnail","6":"product_cat-relaer-elektronik","7":"product_tag-rela-12-24v","8":"product_shipping_class-postnord-varubrev","9":"pa_farg-ovrigt","10":"tm-no-options","12":"first","13":"instock","14":"sale","15":"taxable","16":"shipping-taxable","17":"purchasable","18":"product-type-simple"},"acf":[],"_links":{"self":[{"href":"https:\/\/secureus.se\/de\/wp-json\/wp\/v2\/product\/52230","targetHints":{"allow":["GET"]}}],"collection":[{"href":"https:\/\/secureus.se\/de\/wp-json\/wp\/v2\/product"}],"about":[{"href":"https:\/\/secureus.se\/de\/wp-json\/wp\/v2\/types\/product"}],"wp:featuredmedia":[{"embeddable":true,"href":"https:\/\/secureus.se\/de\/wp-json\/wp\/v2\/media\/142320"}],"wp:attachment":[{"href":"https:\/\/secureus.se\/de\/wp-json\/wp\/v2\/media?parent=52230"}],"wp:term":[{"taxonomy":"product_brand","embeddable":true,"href":"https:\/\/secureus.se\/de\/wp-json\/wp\/v2\/product_brand?post=52230"},{"taxonomy":"product_cat","embeddable":true,"href":"https:\/\/secureus.se\/de\/wp-json\/wp\/v2\/product_cat?post=52230"},{"taxonomy":"product_tag","embeddable":true,"href":"https:\/\/secureus.se\/de\/wp-json\/wp\/v2\/product_tag?post=52230"}],"curies":[{"name":"wp","href":"https:\/\/api.w.org\/{rel}","templated":true}]}}