{"id":52241,"date":"2022-06-29T12:45:44","date_gmt":"2022-06-29T10:45:44","guid":{"rendered":"https:\/\/secureus.se\/produkt\/relakort-rel-2-12-24v-2-pol\/"},"modified":"2026-03-26T11:50:04","modified_gmt":"2026-03-26T10:50:04","slug":"relakort-rel-2-12-24v-2-pol","status":"publish","type":"product","link":"https:\/\/secureus.se\/de\/relakort-rel-2-12-24v-2-pol\/","title":{"rendered":"Relaiskarte Rel-2 12\/24V 2-Pol"},"content":{"rendered":"<p>\u2022 Extrem geringer Stromverbrauch<br \/>\n\u2022 Gro\u00dfer Spannungsbereich<br \/>\n\u2022 LED zeigt an, dass das Relais gezogen ist<br \/>\n\u2022 Kann mit positiver oder negativer Spannung angesteuert werden<br \/>\n\u2022 Zwei frei ver\u00e4nderbare Kontakte<br \/>\n\u2022 Kleines Format<\/p>\n<p>Daten:<br \/>\nNormalspannung 12\u201324 VDC (Grenzspannung 10\u201335 VDC)<br \/>\nVerbrauch. 10mA (12V)<br \/>\nKontaktdaten. 2 x 1A ( 2A)<br \/>\nTemperaturbereich: -25 bis +65 \u00b0C<\/p>\n<p>Die Relaiskarte REL-2 kommt \u00fcberall zum Einsatz, z.B. Polarit\u00e4t umschalten, Steckdose vergr\u00f6\u00dfern, NC\/NO an einem Ausgang umschalten usw. Extrem geringer Stromverbrauch. Gro\u00dfer Spannungsbereich. LED zeigt an, dass das Relais gezogen ist. Kann mit positiver und negativer Spannung angesteuert werden. Zwei frei ver\u00e4nderbare Kontakte. Kleines Format. Antriebsspannung: 11-28 VDC. Verbrauch: 10 mA (12 VDC). Kontaktdaten: 2 x 1A (30VDC). Temperaturbereich: -40 bis +70 C.<\/p>","protected":false},"excerpt":{"rendered":"<p>Der beste Freund des Installateurs.<\/p>\n<p>\u00dcberall einsetzbar, wo Sie wollen, z.B. Polarit\u00e4t wechseln, eine Steckdose vergr\u00f6\u00dfern, NC\/NO an einem Ausgang umschalten usw.<\/p>","protected":false},"featured_media":142658,"template":"","meta":{"_acf_changed":false},"product_brand":[],"product_cat":[4151,1548],"product_tag":[2234],"class_list":{"0":"post-52241","1":"product","2":"type-product","3":"status-publish","4":"has-post-thumbnail","6":"product_cat-rela-12-volt","7":"product_cat-relaer-elektronik","8":"product_tag-rela-12-24v","9":"product_shipping_class-postnord-varubrev","10":"tm-no-options","12":"first","13":"instock","14":"sale","15":"taxable","16":"shipping-taxable","17":"purchasable","18":"product-type-simple"},"acf":[],"_links":{"self":[{"href":"https:\/\/secureus.se\/de\/wp-json\/wp\/v2\/product\/52241","targetHints":{"allow":["GET"]}}],"collection":[{"href":"https:\/\/secureus.se\/de\/wp-json\/wp\/v2\/product"}],"about":[{"href":"https:\/\/secureus.se\/de\/wp-json\/wp\/v2\/types\/product"}],"wp:featuredmedia":[{"embeddable":true,"href":"https:\/\/secureus.se\/de\/wp-json\/wp\/v2\/media\/142658"}],"wp:attachment":[{"href":"https:\/\/secureus.se\/de\/wp-json\/wp\/v2\/media?parent=52241"}],"wp:term":[{"taxonomy":"product_brand","embeddable":true,"href":"https:\/\/secureus.se\/de\/wp-json\/wp\/v2\/product_brand?post=52241"},{"taxonomy":"product_cat","embeddable":true,"href":"https:\/\/secureus.se\/de\/wp-json\/wp\/v2\/product_cat?post=52241"},{"taxonomy":"product_tag","embeddable":true,"href":"https:\/\/secureus.se\/de\/wp-json\/wp\/v2\/product_tag?post=52241"}],"curies":[{"name":"wp","href":"https:\/\/api.w.org\/{rel}","templated":true}]}}