{"id":52274,"date":"2022-06-28T13:17:50","date_gmt":"2022-06-28T11:17:50","guid":{"rendered":"https:\/\/secureus.se\/produkt\/branddorrstang-central-bdc-1a\/"},"modified":"2026-04-23T11:14:30","modified_gmt":"2026-04-23T09:14:30","slug":"branddorrstang-central-bdc-1a","status":"publish","type":"product","link":"https:\/\/secureus.se\/de\/branddorrstang-central-bdc-1a\/","title":{"rendered":"Brandschutzt\u00fcrschloss.Zentrales Bdc-1A"},"content":{"rendered":"<p>Brandschutzt\u00fcr-Schlie\u00dfzentrum f\u00fcr magnetbet\u00e4tigte T\u00fcren. Es k\u00f6nnen eine oder zwei T\u00fcren angesteuert werden. Detektorschleife mit \u00dcberwachung. Sirenenausg\u00e4nge mit fester oder pulsierender Spannung. Alarmrelais. Platz f\u00fcr Batterie-Backup.<\/p>","protected":false},"excerpt":{"rendered":"<p>Brandschutzt\u00fcr-Schlie\u00dfzentrum f\u00fcr magnetbet\u00e4tigte T\u00fcren. Es k\u00f6nnen eine oder zwei T\u00fcren angesteuert werden. Detektorschleife mit \u00dcberwachung. Sirenenausg\u00e4nge mit fester oder pulsierender Spannung. Alarmrelais. Platz f\u00fcr Batterie-Backup.<\/p>","protected":false},"featured_media":143223,"template":"","meta":{"_acf_changed":false},"product_brand":[],"product_cat":[1560],"product_tag":[],"class_list":{"0":"post-52274","1":"product","2":"type-product","3":"status-publish","4":"has-post-thumbnail","6":"product_cat-branddorrstangning","7":"product_shipping_class-tunga-paket","8":"tm-no-options","10":"first","11":"outofstock","12":"sale","13":"taxable","14":"shipping-taxable","15":"purchasable","16":"product-type-simple"},"acf":[],"_links":{"self":[{"href":"https:\/\/secureus.se\/de\/wp-json\/wp\/v2\/product\/52274","targetHints":{"allow":["GET"]}}],"collection":[{"href":"https:\/\/secureus.se\/de\/wp-json\/wp\/v2\/product"}],"about":[{"href":"https:\/\/secureus.se\/de\/wp-json\/wp\/v2\/types\/product"}],"wp:featuredmedia":[{"embeddable":true,"href":"https:\/\/secureus.se\/de\/wp-json\/wp\/v2\/media\/143223"}],"wp:attachment":[{"href":"https:\/\/secureus.se\/de\/wp-json\/wp\/v2\/media?parent=52274"}],"wp:term":[{"taxonomy":"product_brand","embeddable":true,"href":"https:\/\/secureus.se\/de\/wp-json\/wp\/v2\/product_brand?post=52274"},{"taxonomy":"product_cat","embeddable":true,"href":"https:\/\/secureus.se\/de\/wp-json\/wp\/v2\/product_cat?post=52274"},{"taxonomy":"product_tag","embeddable":true,"href":"https:\/\/secureus.se\/de\/wp-json\/wp\/v2\/product_tag?post=52274"}],"curies":[{"name":"wp","href":"https:\/\/api.w.org\/{rel}","templated":true}]}}