{"id":52491,"date":"2022-06-28T13:16:43","date_gmt":"2022-06-28T11:16:43","guid":{"rendered":"https:\/\/secureus.se\/produkt\/forsta-hjalpen-vaska-stor\/"},"modified":"2026-04-23T11:15:41","modified_gmt":"2026-04-23T09:15:41","slug":"forsta-hjalpen-vaska-stor","status":"publish","type":"product","link":"https:\/\/secureus.se\/de\/forsta-hjalpen-vaska-stor\/","title":{"rendered":"Erste-Hilfe-Tasche gro\u00df"},"content":{"rendered":"<p>\u201eFirst Aid Large Pro Select\u201c \u2013 komplett. Erste Hilfe, wenn die Verletzung auftritt. Die Tasche enth\u00e4lt 65 Teile. Die Tasche besteht aus einem strapazierf\u00e4higen Material, das sowohl Feuchtigkeit als auch Schmutz standh\u00e4lt. Der gummierte Griff erleichtert das Tragen und das einfache Aufh\u00e4ngen an einem Haken.<\/p>\n<p><a class=\"produkt-slide-bild produkt-bild-fil\" href=\"https:\/\/www.e-nummersok.se\/infoDocs\/PROD\/PROD_34061_1686455.pdf\" target=\"_blank\" rel=\"noopener\"><img decoding=\"async\" src=\"https:\/\/secureus.se\/wp-content\/uploads\/2023\/05\/pdf-icon.png\" alt=\"PDF\">Produktdatenblatt und vollst\u00e4ndiger Inhalt<\/a><\/p>","protected":false},"excerpt":{"rendered":"<p>\u201eFirst Aid Large Pro Select\u201c \u2013 komplett. Erste Hilfe, wenn die Verletzung auftritt. Die Tasche enth\u00e4lt 65 Teile. Die Tasche besteht aus einem strapazierf\u00e4higen Material, das sowohl Feuchtigkeit als auch Schmutz standh\u00e4lt. Der gummierte Griff<\/p>","protected":false},"featured_media":143251,"template":"","meta":{"_acf_changed":false},"product_brand":[],"product_cat":[1573],"product_tag":[],"class_list":{"0":"post-52491","1":"product","2":"type-product","3":"status-publish","4":"has-post-thumbnail","6":"product_cat-forsta-hjalpen","7":"product_shipping_class-tunga-paket","8":"pa_brands-nexa","9":"tm-no-options","11":"first","12":"instock","13":"sale","14":"taxable","15":"shipping-taxable","16":"purchasable","17":"product-type-simple"},"acf":[],"_links":{"self":[{"href":"https:\/\/secureus.se\/de\/wp-json\/wp\/v2\/product\/52491","targetHints":{"allow":["GET"]}}],"collection":[{"href":"https:\/\/secureus.se\/de\/wp-json\/wp\/v2\/product"}],"about":[{"href":"https:\/\/secureus.se\/de\/wp-json\/wp\/v2\/types\/product"}],"wp:featuredmedia":[{"embeddable":true,"href":"https:\/\/secureus.se\/de\/wp-json\/wp\/v2\/media\/143251"}],"wp:attachment":[{"href":"https:\/\/secureus.se\/de\/wp-json\/wp\/v2\/media?parent=52491"}],"wp:term":[{"taxonomy":"product_brand","embeddable":true,"href":"https:\/\/secureus.se\/de\/wp-json\/wp\/v2\/product_brand?post=52491"},{"taxonomy":"product_cat","embeddable":true,"href":"https:\/\/secureus.se\/de\/wp-json\/wp\/v2\/product_cat?post=52491"},{"taxonomy":"product_tag","embeddable":true,"href":"https:\/\/secureus.se\/de\/wp-json\/wp\/v2\/product_tag?post=52491"}],"curies":[{"name":"wp","href":"https:\/\/api.w.org\/{rel}","templated":true}]}}