{"id":52492,"date":"2022-06-28T13:16:38","date_gmt":"2022-06-28T11:16:38","guid":{"rendered":"https:\/\/secureus.se\/produkt\/vinkelfaste-cq-for-slagdorr\/"},"modified":"2026-04-08T16:43:21","modified_gmt":"2026-04-08T14:43:21","slug":"vinkelfaste-cq-for-slagdorr","status":"publish","type":"product","link":"https:\/\/secureus.se\/de\/vinkelfaste-cq-for-slagdorr\/","title":{"rendered":"Winkel Cq F\u00fcr Fl\u00fcgelt\u00fcr"},"content":{"rendered":"<p>CQ Winkelhalterung f\u00fcr Pendelt\u00fcr. Abmessungen (HxB): 230\u00d7180 mm. Befestigung in der Wand 2 St\u00fcck M10. Winkelhalterung zur Verwendung mit CQ Safe M8 alt. CQ abgeschlossen. HINWEIS: Verwenden Sie die M8-Schraube, die im Lieferumfang des Magneten enthalten ist, um den Mittelstift nicht zu beeintr\u00e4chtigen. Einf\u00e4deln des Magneten max. 8 mm.<\/p>","protected":false},"excerpt":{"rendered":"<p>CQ Winkelhalterung f\u00fcr Pendelt\u00fcr. Abmessungen (HxB): 230\u00d7180 mm. Befestigung in der Wand 2 St\u00fcck M10. Winkelhalterung zur Verwendung mit CQ Safe M8 alt. CQ abgeschlossen. HINWEIS: Verwenden Sie die mitgelieferte M8-Schraube<\/p>","protected":false},"featured_media":143260,"template":"","meta":{"_acf_changed":false},"product_brand":[],"product_cat":[1560],"product_tag":[],"class_list":{"0":"post-52492","1":"product","2":"type-product","3":"status-publish","4":"has-post-thumbnail","6":"product_cat-branddorrstangning","7":"product_shipping_class-tunga-paket","8":"tm-no-options","10":"first","11":"outofstock","12":"sale","13":"taxable","14":"shipping-taxable","15":"purchasable","16":"product-type-simple"},"acf":[],"_links":{"self":[{"href":"https:\/\/secureus.se\/de\/wp-json\/wp\/v2\/product\/52492","targetHints":{"allow":["GET"]}}],"collection":[{"href":"https:\/\/secureus.se\/de\/wp-json\/wp\/v2\/product"}],"about":[{"href":"https:\/\/secureus.se\/de\/wp-json\/wp\/v2\/types\/product"}],"wp:featuredmedia":[{"embeddable":true,"href":"https:\/\/secureus.se\/de\/wp-json\/wp\/v2\/media\/143260"}],"wp:attachment":[{"href":"https:\/\/secureus.se\/de\/wp-json\/wp\/v2\/media?parent=52492"}],"wp:term":[{"taxonomy":"product_brand","embeddable":true,"href":"https:\/\/secureus.se\/de\/wp-json\/wp\/v2\/product_brand?post=52492"},{"taxonomy":"product_cat","embeddable":true,"href":"https:\/\/secureus.se\/de\/wp-json\/wp\/v2\/product_cat?post=52492"},{"taxonomy":"product_tag","embeddable":true,"href":"https:\/\/secureus.se\/de\/wp-json\/wp\/v2\/product_tag?post=52492"}],"curies":[{"name":"wp","href":"https:\/\/api.w.org\/{rel}","templated":true}]}}