{"id":52497,"date":"2022-06-28T13:15:40","date_gmt":"2022-06-28T11:15:40","guid":{"rendered":"https:\/\/secureus.se\/produkt\/brandslackarlarm-9v\/"},"modified":"2026-04-08T16:38:39","modified_gmt":"2026-04-08T14:38:39","slug":"brandslackarlarm-9v","status":"publish","type":"product","link":"https:\/\/secureus.se\/de\/brandslackarlarm-9v\/","title":{"rendered":"Feuerl\u00f6scheralarm 9V"},"content":{"rendered":"<p>Der BSA-1 ist ein gut sichtbarer Alarm, der den Missbrauch von Feuerl\u00f6schern verhindert. An einem Ende des Feuerl\u00f6schers wird ein Draht montiert und das andere Ende wird in den Feuerl\u00f6schermelder eingef\u00fchrt. Wird der Draht vom Melder abgezogen, ert\u00f6nt dieser laut und die Umgebung wird auf die Aktion aufmerksam.<\/p>","protected":false},"excerpt":{"rendered":"<p>Der BSA-1 ist ein gut sichtbarer Alarm, der den Missbrauch von Feuerl\u00f6schern verhindert. An einem Ende des Feuerl\u00f6schers wird ein Draht montiert und das andere Ende wird in den Feuerl\u00f6schermelder eingef\u00fchrt. Wenn der Draht herausgezogen wird<\/p>","protected":false},"featured_media":142427,"template":"","meta":{"_acf_changed":false},"product_brand":[],"product_cat":[1533],"product_tag":[],"class_list":{"0":"post-52497","1":"product","2":"type-product","3":"status-publish","4":"has-post-thumbnail","6":"product_cat-brandslackare","7":"product_shipping_class-tunga-paket","8":"tm-no-options","10":"first","11":"outofstock","12":"sale","13":"taxable","14":"shipping-taxable","15":"purchasable","16":"product-type-simple"},"acf":[],"_links":{"self":[{"href":"https:\/\/secureus.se\/de\/wp-json\/wp\/v2\/product\/52497","targetHints":{"allow":["GET"]}}],"collection":[{"href":"https:\/\/secureus.se\/de\/wp-json\/wp\/v2\/product"}],"about":[{"href":"https:\/\/secureus.se\/de\/wp-json\/wp\/v2\/types\/product"}],"wp:featuredmedia":[{"embeddable":true,"href":"https:\/\/secureus.se\/de\/wp-json\/wp\/v2\/media\/142427"}],"wp:attachment":[{"href":"https:\/\/secureus.se\/de\/wp-json\/wp\/v2\/media?parent=52497"}],"wp:term":[{"taxonomy":"product_brand","embeddable":true,"href":"https:\/\/secureus.se\/de\/wp-json\/wp\/v2\/product_brand?post=52497"},{"taxonomy":"product_cat","embeddable":true,"href":"https:\/\/secureus.se\/de\/wp-json\/wp\/v2\/product_cat?post=52497"},{"taxonomy":"product_tag","embeddable":true,"href":"https:\/\/secureus.se\/de\/wp-json\/wp\/v2\/product_tag?post=52497"}],"curies":[{"name":"wp","href":"https:\/\/api.w.org\/{rel}","templated":true}]}}