{"id":52501,"date":"2022-06-28T13:15:24","date_gmt":"2022-06-28T11:15:24","guid":{"rendered":"https:\/\/secureus.se\/produkt\/pulverslackare-2-kg-rod-13a\/"},"modified":"2026-04-23T11:15:40","modified_gmt":"2026-04-23T09:15:40","slug":"pulverslackare-2-kg-rod-13a","status":"publish","type":"product","link":"https:\/\/secureus.se\/de\/pulverslackare-2-kg-rod-13a\/","title":{"rendered":"Pulverl\u00f6scher 2 kg rot 13A"},"content":{"rendered":"<p>Geeignet f\u00fcr die Wohnung, das Gartenhaus, den Abstellraum, den Wohnwagen, das Wohnmobil, das Auto, das Boot usw. Leistungsklasse 13A 89B C. Qualit\u00e4tssicherung und -zertifizierung durch DNV. Nachf\u00fcllbar durch autorisierten Servicetechniker. Wandhalterung im Lieferumfang enthalten. Druckgeladener Pulverl\u00f6scher, trockenes chemisches Pulver. Gewicht gef\u00fcllt: 3,7 kg. L\u00f6schmittel: ABC-Pulver. Treibgas: Stickstoff (N2). Arbeitsdruck: 14 bar bei +20\u00b0C. Funktionell zwischen -30\u00b0C und +60\u00b0C. Sicherheitsabstand: 1 Meter. Entleerungszeit: 13 Sek. Der Feuerl\u00f6scher ist gem\u00e4\u00df SS-EN3-7 typgepr\u00fcft. Im Lieferumfang von Pro Select enthalten<\/p>","protected":false},"excerpt":{"rendered":"<p>Geeignet f\u00fcr die Wohnung, das Gartenhaus, den Abstellraum, den Wohnwagen, das Wohnmobil, das Auto, das Boot usw. Leistungsklasse 13A 89B C. Qualit\u00e4tssicherung und -zertifizierung durch DNV. Nachf\u00fcllbar durch autorisierten Servicetechniker. Wandhalterung im Lieferumfang enthalten. Druckgeladener Pulverl\u00f6scher, trockenes chemisches Pulver.<\/p>","protected":false},"featured_media":143312,"template":"","meta":{"_acf_changed":false},"product_brand":[],"product_cat":[1533],"product_tag":[],"class_list":{"0":"post-52501","1":"product","2":"type-product","3":"status-publish","4":"has-post-thumbnail","6":"product_cat-brandslackare","7":"product_shipping_class-tunga-paket","8":"tm-no-options","10":"first","11":"outofstock","12":"sale","13":"taxable","14":"shipping-taxable","15":"purchasable","16":"product-type-simple"},"acf":[],"_links":{"self":[{"href":"https:\/\/secureus.se\/de\/wp-json\/wp\/v2\/product\/52501","targetHints":{"allow":["GET"]}}],"collection":[{"href":"https:\/\/secureus.se\/de\/wp-json\/wp\/v2\/product"}],"about":[{"href":"https:\/\/secureus.se\/de\/wp-json\/wp\/v2\/types\/product"}],"wp:featuredmedia":[{"embeddable":true,"href":"https:\/\/secureus.se\/de\/wp-json\/wp\/v2\/media\/143312"}],"wp:attachment":[{"href":"https:\/\/secureus.se\/de\/wp-json\/wp\/v2\/media?parent=52501"}],"wp:term":[{"taxonomy":"product_brand","embeddable":true,"href":"https:\/\/secureus.se\/de\/wp-json\/wp\/v2\/product_brand?post=52501"},{"taxonomy":"product_cat","embeddable":true,"href":"https:\/\/secureus.se\/de\/wp-json\/wp\/v2\/product_cat?post=52501"},{"taxonomy":"product_tag","embeddable":true,"href":"https:\/\/secureus.se\/de\/wp-json\/wp\/v2\/product_tag?post=52501"}],"curies":[{"name":"wp","href":"https:\/\/api.w.org\/{rel}","templated":true}]}}