{"id":52502,"date":"2022-06-28T13:15:09","date_gmt":"2022-06-28T11:15:09","guid":{"rendered":"https:\/\/secureus.se\/produkt\/pulverslackare-6-kg-55a-rod\/"},"modified":"2026-04-23T11:15:40","modified_gmt":"2026-04-23T09:15:40","slug":"pulverslackare-6-kg-55a-rod","status":"publish","type":"product","link":"https:\/\/secureus.se\/de\/pulverslackare-6-kg-55a-rod\/","title":{"rendered":"Pulverl\u00f6scher 6 kg 55A Rot"},"content":{"rendered":"<p>Geeignet f\u00fcr das B\u00fcro, in Werkst\u00e4tten, R\u00e4umlichkeiten, der Villa, der Wohnung usw. Leistungsklasse 55A 233B C (h\u00f6chste Klasse). Nachf\u00fcllbar durch autorisierten Servicetechniker. Fu\u00dfring Druckpulverl\u00f6scher, trockenes chemisches Pulver. Gewicht gef\u00fcllt: 17,5 kg. L\u00f6schmittel: ABC-Pulver. Treibgas: Stickstoff (N2). Arbeitsdruck: 14 bar bei +20\u00b0C. Funktionell zwischen -30\u00b0C und +60\u00b0C. Sicherheitsabstand: 1 Meter. Entleerungszeit: 31 Sek. Der Feuerl\u00f6scher ist gem\u00e4\u00df SS-EN3-7 typgepr\u00fcft. Text auf Schwedisch\/Norwegisch in Pro Select enthalten<\/p>","protected":false},"excerpt":{"rendered":"<p>Geeignet f\u00fcr das B\u00fcro, in Werkst\u00e4tten, R\u00e4umlichkeiten, der Villa, der Wohnung usw. Leistungsklasse 55A 233B C (h\u00f6chste Klasse). Nachf\u00fcllbar durch autorisierten Servicetechniker. Fu\u00dfring Druckpulverl\u00f6scher, trockenes chemisches Pulver. Gewicht gef\u00fcllt: 17,5 kg. L\u00f6schmittel:<\/p>","protected":false},"featured_media":142550,"template":"","meta":{"_acf_changed":false},"product_brand":[],"product_cat":[1533],"product_tag":[],"class_list":{"0":"post-52502","1":"product","2":"type-product","3":"status-publish","4":"has-post-thumbnail","6":"product_cat-brandslackare","7":"product_shipping_class-tunga-paket","8":"tm-no-options","10":"first","11":"instock","12":"sale","13":"taxable","14":"shipping-taxable","15":"purchasable","16":"product-type-simple"},"acf":[],"_links":{"self":[{"href":"https:\/\/secureus.se\/de\/wp-json\/wp\/v2\/product\/52502","targetHints":{"allow":["GET"]}}],"collection":[{"href":"https:\/\/secureus.se\/de\/wp-json\/wp\/v2\/product"}],"about":[{"href":"https:\/\/secureus.se\/de\/wp-json\/wp\/v2\/types\/product"}],"wp:featuredmedia":[{"embeddable":true,"href":"https:\/\/secureus.se\/de\/wp-json\/wp\/v2\/media\/142550"}],"wp:attachment":[{"href":"https:\/\/secureus.se\/de\/wp-json\/wp\/v2\/media?parent=52502"}],"wp:term":[{"taxonomy":"product_brand","embeddable":true,"href":"https:\/\/secureus.se\/de\/wp-json\/wp\/v2\/product_brand?post=52502"},{"taxonomy":"product_cat","embeddable":true,"href":"https:\/\/secureus.se\/de\/wp-json\/wp\/v2\/product_cat?post=52502"},{"taxonomy":"product_tag","embeddable":true,"href":"https:\/\/secureus.se\/de\/wp-json\/wp\/v2\/product_tag?post=52502"}],"curies":[{"name":"wp","href":"https:\/\/api.w.org\/{rel}","templated":true}]}}