{"id":52503,"date":"2022-06-28T13:14:57","date_gmt":"2022-06-28T11:14:57","guid":{"rendered":"https:\/\/secureus.se\/produkt\/brandslackare-6-kg-palmblad\/"},"modified":"2026-04-08T16:51:32","modified_gmt":"2026-04-08T14:51:32","slug":"brandslackare-6-kg-palmblad","status":"publish","type":"product","link":"https:\/\/secureus.se\/de\/brandslackare-6-kg-palmblad\/","title":{"rendered":"Feuerl\u00f6scher 6 kg Palmbl\u00e4tter \u2013 Stilvolles Design"},"content":{"rendered":"<p>Nexa-Feuerl\u00f6scher, geeignet f\u00fcr Villa, Apartment, Gartenhaus, Wohnwagen, Wohnmobil, Boot usw. Effizienzklasse 43A 233B C. Druckpulverl\u00f6scher, trockenes chemisches Pulver. \u00dcberpr\u00fcfen Sie das Manometer regelm\u00e4\u00dfig, mindestens einmal im Jahr. L\u00f6schmittel: ABC-Pulver. Treibgas: Stickstoff (N2). Arbeitsdruck: 14 bar bei +20\u00b0. Funktionell zwischen -30\u00b0 und +60\u00b0. Sicherheitsabstand 1 m. Wandhalterung inklusive.<\/p>","protected":false},"excerpt":{"rendered":"<p>Nexa-Feuerl\u00f6scher geeignet f\u00fcr Villa, Wohnung, Gartenhaus, Wohnwagen, Wohnmobil, Boot usw. Effizienzklasse 43A 233B C. Druckpulverl\u00f6scher, trockenes chemisches Pulver. \u00dcberpr\u00fcfen Sie das Manometer regelm\u00e4\u00dfig, mindestens einmal im Jahr. L\u00f6schmittel: ABC-Pulver. Treibgas: Stickstoff<\/p>","protected":false},"featured_media":142887,"template":"","meta":{"_acf_changed":false},"product_brand":[],"product_cat":[1533],"product_tag":[],"class_list":{"0":"post-52503","1":"product","2":"type-product","3":"status-publish","4":"has-post-thumbnail","6":"product_cat-brandslackare","7":"product_shipping_class-tunga-paket","8":"pa_brands-nexa","9":"tm-no-options","11":"first","12":"instock","13":"sale","14":"taxable","15":"shipping-taxable","16":"purchasable","17":"product-type-simple"},"acf":[],"_links":{"self":[{"href":"https:\/\/secureus.se\/de\/wp-json\/wp\/v2\/product\/52503","targetHints":{"allow":["GET"]}}],"collection":[{"href":"https:\/\/secureus.se\/de\/wp-json\/wp\/v2\/product"}],"about":[{"href":"https:\/\/secureus.se\/de\/wp-json\/wp\/v2\/types\/product"}],"wp:featuredmedia":[{"embeddable":true,"href":"https:\/\/secureus.se\/de\/wp-json\/wp\/v2\/media\/142887"}],"wp:attachment":[{"href":"https:\/\/secureus.se\/de\/wp-json\/wp\/v2\/media?parent=52503"}],"wp:term":[{"taxonomy":"product_brand","embeddable":true,"href":"https:\/\/secureus.se\/de\/wp-json\/wp\/v2\/product_brand?post=52503"},{"taxonomy":"product_cat","embeddable":true,"href":"https:\/\/secureus.se\/de\/wp-json\/wp\/v2\/product_cat?post=52503"},{"taxonomy":"product_tag","embeddable":true,"href":"https:\/\/secureus.se\/de\/wp-json\/wp\/v2\/product_tag?post=52503"}],"curies":[{"name":"wp","href":"https:\/\/api.w.org\/{rel}","templated":true}]}}