{"id":52504,"date":"2022-06-28T13:14:46","date_gmt":"2022-06-28T11:14:46","guid":{"rendered":"https:\/\/secureus.se\/produkt\/brandslackare-2-kg-palmblad\/"},"modified":"2026-04-23T11:15:55","modified_gmt":"2026-04-23T09:15:55","slug":"brandslackare-2-kg-palmblad","status":"publish","type":"product","link":"https:\/\/secureus.se\/de\/brandslackare-2-kg-palmblad\/","title":{"rendered":"Feuerl\u00f6scher 2 kg Palmbl\u00e4tter \u2013 Stilvolles Design"},"content":{"rendered":"<p>Der Feuerl\u00f6scher von Nexa eignet sich f\u00fcr etwas kleinere R\u00e4ume, das Boot, das Auto, das Gartenhaus usw. Effizienzklasse 13A 89B C. Kann von einem qualifizierten Servicetechniker nachgef\u00fcllt werden. Druckpulverl\u00f6scher, trockenes chemisches Pulver. L\u00f6schmittel: ABC-Pulver. Treibgas: Stickstoff (N2). Arbeitsdruck: 14 bar bei +20\u00b0. Funktionell zwischen -30\u00b0 und +60\u00b0. Sicherheitsabstand 1 m. Wandhalterung inklusive.<\/p>","protected":false},"excerpt":{"rendered":"<p>Der Feuerl\u00f6scher von Nexa eignet sich f\u00fcr etwas kleinere R\u00e4ume, das Boot, das Auto, das Gartenhaus usw. Effizienzklasse 13A 89B C. Kann von einem qualifizierten Servicetechniker nachgef\u00fcllt werden. Druckpulverl\u00f6scher, trockenes chemisches Pulver. L\u00f6schmittel: ABC-Pulver. Treibgas: Stickstoff (N2). Arbeitsdruck: 14<\/p>","protected":false},"featured_media":142668,"template":"","meta":{"_acf_changed":false},"product_brand":[],"product_cat":[1533],"product_tag":[],"class_list":{"0":"post-52504","1":"product","2":"type-product","3":"status-publish","4":"has-post-thumbnail","6":"product_cat-brandslackare","7":"product_shipping_class-tunga-paket","8":"pa_brands-nexa","9":"tm-no-options","11":"first","12":"instock","13":"sale","14":"taxable","15":"shipping-taxable","16":"purchasable","17":"product-type-simple"},"acf":[],"_links":{"self":[{"href":"https:\/\/secureus.se\/de\/wp-json\/wp\/v2\/product\/52504","targetHints":{"allow":["GET"]}}],"collection":[{"href":"https:\/\/secureus.se\/de\/wp-json\/wp\/v2\/product"}],"about":[{"href":"https:\/\/secureus.se\/de\/wp-json\/wp\/v2\/types\/product"}],"wp:featuredmedia":[{"embeddable":true,"href":"https:\/\/secureus.se\/de\/wp-json\/wp\/v2\/media\/142668"}],"wp:attachment":[{"href":"https:\/\/secureus.se\/de\/wp-json\/wp\/v2\/media?parent=52504"}],"wp:term":[{"taxonomy":"product_brand","embeddable":true,"href":"https:\/\/secureus.se\/de\/wp-json\/wp\/v2\/product_brand?post=52504"},{"taxonomy":"product_cat","embeddable":true,"href":"https:\/\/secureus.se\/de\/wp-json\/wp\/v2\/product_cat?post=52504"},{"taxonomy":"product_tag","embeddable":true,"href":"https:\/\/secureus.se\/de\/wp-json\/wp\/v2\/product_tag?post=52504"}],"curies":[{"name":"wp","href":"https:\/\/api.w.org\/{rel}","templated":true}]}}