{"id":53393,"date":"2022-06-23T15:29:22","date_gmt":"2022-06-23T13:29:22","guid":{"rendered":"https:\/\/secureus.se\/produkt\/sladdtryckknapp\/"},"modified":"2026-03-26T12:09:33","modified_gmt":"2026-03-26T11:09:33","slug":"sladdtryckknapp","status":"publish","type":"product","link":"https:\/\/secureus.se\/de\/sladdtryckknapp\/","title":{"rendered":"Kordel-Druckknopf"},"content":{"rendered":"<p>Kordel-Druckknopf. Geh\u00e4use aus wei\u00dfem Thermoplast, 2m Anschlusskabel mit 3-poligem 6,3 mm Telestecker. Abh\u00e4ngig von der Verbindung in der Steckdose bei der Installation kann der angeschlossene Schnurtaster auf Trennung oder Drahtbruch \u00fcberwacht werden. Farbe wei\u00df<\/p>","protected":false},"excerpt":{"rendered":"<p>Kordel-Druckknopf. Geh\u00e4use aus wei\u00dfem Thermoplast, 2m Anschlusskabel mit 3-poligem 6,3 mm Telestecker. Abh\u00e4ngig von der Verbindung in der Steckdose bei der Installation kann der angeschlossene Schnurtaster auf Trennung oder Drahtbruch \u00fcberwacht werden. Farbe wei\u00df<\/p>","protected":false},"featured_media":143483,"template":"","meta":{"_acf_changed":false},"product_brand":[],"product_cat":[1603],"product_tag":[],"class_list":{"0":"post-53393","1":"product","2":"type-product","3":"status-publish","4":"has-post-thumbnail","6":"product_cat-tillbehor-till-rwc-larm","7":"product_shipping_class-tunga-paket","8":"pa_farg-vit","9":"tm-no-options","11":"first","12":"outofstock","13":"sale","14":"taxable","15":"shipping-taxable","16":"purchasable","17":"product-type-simple"},"acf":[],"_links":{"self":[{"href":"https:\/\/secureus.se\/de\/wp-json\/wp\/v2\/product\/53393","targetHints":{"allow":["GET"]}}],"collection":[{"href":"https:\/\/secureus.se\/de\/wp-json\/wp\/v2\/product"}],"about":[{"href":"https:\/\/secureus.se\/de\/wp-json\/wp\/v2\/types\/product"}],"wp:featuredmedia":[{"embeddable":true,"href":"https:\/\/secureus.se\/de\/wp-json\/wp\/v2\/media\/143483"}],"wp:attachment":[{"href":"https:\/\/secureus.se\/de\/wp-json\/wp\/v2\/media?parent=53393"}],"wp:term":[{"taxonomy":"product_brand","embeddable":true,"href":"https:\/\/secureus.se\/de\/wp-json\/wp\/v2\/product_brand?post=53393"},{"taxonomy":"product_cat","embeddable":true,"href":"https:\/\/secureus.se\/de\/wp-json\/wp\/v2\/product_cat?post=53393"},{"taxonomy":"product_tag","embeddable":true,"href":"https:\/\/secureus.se\/de\/wp-json\/wp\/v2\/product_tag?post=53393"}],"curies":[{"name":"wp","href":"https:\/\/api.w.org\/{rel}","templated":true}]}}