{"id":53397,"date":"2022-06-23T15:28:56","date_gmt":"2022-06-23T13:28:56","guid":{"rendered":"https:\/\/secureus.se\/produkt\/sladdtryckknapp-2m-no\/"},"modified":"2026-04-23T11:57:27","modified_gmt":"2026-04-23T09:57:27","slug":"sladdtryckknapp-2m-no","status":"publish","type":"product","link":"https:\/\/secureus.se\/de\/sladdtryckknapp-2m-no\/","title":{"rendered":"Schnurtaster 2M Nr"},"content":{"rendered":"<p>Das Ger\u00e4t enth\u00e4lt eine rote Funktionstaste. Der Anschluss erfolgt an der Funktionssteckdose 6,35 mm, an der der Schnurtaster \u00fcber einen abgewinkelten Telestecker angeschlossen wird, der auf einem wei\u00dfen Kabel mit einer L\u00e4nge von 2 Metern montiert ist. Wei\u00dfe thermoplastische Abdeckung.<\/p>","protected":false},"excerpt":{"rendered":"<p>Das Ger\u00e4t enth\u00e4lt eine rote Funktionstaste. Der Anschluss erfolgt an der Funktionssteckdose 6,35 mm, an der der Schnurtaster \u00fcber einen abgewinkelten Telestecker angeschlossen wird, der auf einem wei\u00dfen Kabel mit einer L\u00e4nge von 2 Metern montiert ist. Wei\u00dfe thermoplastische Abdeckung.<\/p>","protected":false},"featured_media":143723,"template":"","meta":{"_acf_changed":false},"product_brand":[],"product_cat":[1603],"product_tag":[],"class_list":{"0":"post-53397","1":"product","2":"type-product","3":"status-publish","4":"has-post-thumbnail","6":"product_cat-tillbehor-till-rwc-larm","7":"product_shipping_class-tunga-paket","8":"pa_farg-vit","9":"tm-no-options","11":"first","12":"instock","13":"sale","14":"taxable","15":"shipping-taxable","16":"purchasable","17":"product-type-simple"},"acf":[],"_links":{"self":[{"href":"https:\/\/secureus.se\/de\/wp-json\/wp\/v2\/product\/53397","targetHints":{"allow":["GET"]}}],"collection":[{"href":"https:\/\/secureus.se\/de\/wp-json\/wp\/v2\/product"}],"about":[{"href":"https:\/\/secureus.se\/de\/wp-json\/wp\/v2\/types\/product"}],"wp:featuredmedia":[{"embeddable":true,"href":"https:\/\/secureus.se\/de\/wp-json\/wp\/v2\/media\/143723"}],"wp:attachment":[{"href":"https:\/\/secureus.se\/de\/wp-json\/wp\/v2\/media?parent=53397"}],"wp:term":[{"taxonomy":"product_brand","embeddable":true,"href":"https:\/\/secureus.se\/de\/wp-json\/wp\/v2\/product_brand?post=53397"},{"taxonomy":"product_cat","embeddable":true,"href":"https:\/\/secureus.se\/de\/wp-json\/wp\/v2\/product_cat?post=53397"},{"taxonomy":"product_tag","embeddable":true,"href":"https:\/\/secureus.se\/de\/wp-json\/wp\/v2\/product_tag?post=53397"}],"curies":[{"name":"wp","href":"https:\/\/api.w.org\/{rel}","templated":true}]}}