{"id":53427,"date":"2022-06-23T15:25:10","date_gmt":"2022-06-23T13:25:10","guid":{"rendered":"https:\/\/secureus.se\/produkt\/rwc-rumslampa-med-summer\/"},"modified":"2026-04-23T11:56:07","modified_gmt":"2026-04-23T09:56:07","slug":"rwc-rumslampa-med-summer","status":"publish","type":"product","link":"https:\/\/secureus.se\/de\/rwc-rumslampa-med-summer\/","title":{"rendered":"RWC-Raumlampe mit Summer"},"content":{"rendered":"<p>Zimmerleuchte mit Summer kombinierbar mit anderen Ger\u00e4ten aus der Exxact RWC-Reihe. F\u00fcr das komplette System werden Speichereinheit, Notruftasten und Netzteil ben\u00f6tigt. Zur Montage in einer Ger\u00e4tedose mit 60 mm Durchmesser oder zur Aufputzmontage in einer 21 mm-Dose. Komplett mit optionalem Exxact-Rahmen. Summer 3,1 kHz und Lautst\u00e4rke 80 dB pro Meter.<\/p>","protected":false},"excerpt":{"rendered":"<p>Zimmerleuchte mit Summer kombinierbar mit anderen Ger\u00e4ten aus der Exxact RWC-Reihe. F\u00fcr das komplette System werden Speichereinheit, Notruftasten und Netzteil ben\u00f6tigt. Zur Montage in einer Ger\u00e4tedose mit 60 mm Durchmesser oder zur Aufputzmontage in einer 21 mm-Dose.<\/p>","protected":false},"featured_media":144212,"template":"","meta":{"_acf_changed":false},"product_brand":[],"product_cat":[1605],"product_tag":[],"class_list":{"0":"post-53427","1":"product","2":"type-product","3":"status-publish","4":"has-post-thumbnail","6":"product_cat-komponenter-till-rwc-larm","7":"product_shipping_class-tunga-paket","8":"pa_farg-vit","9":"tm-no-options","11":"first","12":"instock","13":"sale","14":"taxable","15":"shipping-taxable","16":"purchasable","17":"product-type-simple"},"acf":[],"_links":{"self":[{"href":"https:\/\/secureus.se\/de\/wp-json\/wp\/v2\/product\/53427","targetHints":{"allow":["GET"]}}],"collection":[{"href":"https:\/\/secureus.se\/de\/wp-json\/wp\/v2\/product"}],"about":[{"href":"https:\/\/secureus.se\/de\/wp-json\/wp\/v2\/types\/product"}],"wp:featuredmedia":[{"embeddable":true,"href":"https:\/\/secureus.se\/de\/wp-json\/wp\/v2\/media\/144212"}],"wp:attachment":[{"href":"https:\/\/secureus.se\/de\/wp-json\/wp\/v2\/media?parent=53427"}],"wp:term":[{"taxonomy":"product_brand","embeddable":true,"href":"https:\/\/secureus.se\/de\/wp-json\/wp\/v2\/product_brand?post=53427"},{"taxonomy":"product_cat","embeddable":true,"href":"https:\/\/secureus.se\/de\/wp-json\/wp\/v2\/product_cat?post=53427"},{"taxonomy":"product_tag","embeddable":true,"href":"https:\/\/secureus.se\/de\/wp-json\/wp\/v2\/product_tag?post=53427"}],"curies":[{"name":"wp","href":"https:\/\/api.w.org\/{rel}","templated":true}]}}