{"id":53428,"date":"2022-06-23T15:24:58","date_gmt":"2022-06-23T13:24:58","guid":{"rendered":"https:\/\/secureus.se\/produkt\/rwc-minnesenhet-m-aterst-nod\/"},"modified":"2026-03-26T12:14:52","modified_gmt":"2026-03-26T11:14:52","slug":"rwc-minnesenhet-m-aterst-nod","status":"publish","type":"product","link":"https:\/\/secureus.se\/de\/rwc-minnesenhet-m-aterst-nod\/","title":{"rendered":"Rwc-Speichereinheit M verbleibend \/ Notfall"},"content":{"rendered":"<p>Speichereinheit mit Reset- und Notruftaste. Das Ger\u00e4t ist das Herzst\u00fcck des RWC-Systems und hier k\u00f6nnen Sie den Alarm zur\u00fccksetzen, aber auch einen Alarm ausl\u00f6sen. F\u00fcr ein komplettes System wird die Speichereinheit mit Notruftasten, Raumlicht und Netzteil aus der Exxact RWC-Reihe verbunden. Versorgungsspannung 12V AC\/DC (+-15%). Zur Montage in einer Ger\u00e4tedose mit 60 mm Durchmesser oder zur Aufputzmontage in einer 21 mm-Dose. Die Speichereinheit ist wei\u00df und wird durch einen optionalen Exxact-Rahmen erg\u00e4nzt.<\/p>","protected":false},"excerpt":{"rendered":"<p>Speichereinheit mit Reset- und Notruftaste. Das Ger\u00e4t ist das Herzst\u00fcck des RWC-Systems und hier k\u00f6nnen Sie den Alarm zur\u00fccksetzen, aber auch einen Alarm ausl\u00f6sen. F\u00fcr ein komplettes System ist die Speichereinheit mit Notruftasten verbunden,<\/p>","protected":false},"featured_media":143290,"template":"","meta":{"_acf_changed":false},"product_brand":[],"product_cat":[1605],"product_tag":[],"class_list":{"0":"post-53428","1":"product","2":"type-product","3":"status-publish","4":"has-post-thumbnail","6":"product_cat-komponenter-till-rwc-larm","7":"product_shipping_class-tunga-paket","8":"pa_farg-vit","9":"tm-no-options","11":"first","12":"instock","13":"sale","14":"taxable","15":"shipping-taxable","16":"purchasable","17":"product-type-simple"},"acf":[],"_links":{"self":[{"href":"https:\/\/secureus.se\/de\/wp-json\/wp\/v2\/product\/53428","targetHints":{"allow":["GET"]}}],"collection":[{"href":"https:\/\/secureus.se\/de\/wp-json\/wp\/v2\/product"}],"about":[{"href":"https:\/\/secureus.se\/de\/wp-json\/wp\/v2\/types\/product"}],"wp:featuredmedia":[{"embeddable":true,"href":"https:\/\/secureus.se\/de\/wp-json\/wp\/v2\/media\/143290"}],"wp:attachment":[{"href":"https:\/\/secureus.se\/de\/wp-json\/wp\/v2\/media?parent=53428"}],"wp:term":[{"taxonomy":"product_brand","embeddable":true,"href":"https:\/\/secureus.se\/de\/wp-json\/wp\/v2\/product_brand?post=53428"},{"taxonomy":"product_cat","embeddable":true,"href":"https:\/\/secureus.se\/de\/wp-json\/wp\/v2\/product_cat?post=53428"},{"taxonomy":"product_tag","embeddable":true,"href":"https:\/\/secureus.se\/de\/wp-json\/wp\/v2\/product_tag?post=53428"}],"curies":[{"name":"wp","href":"https:\/\/api.w.org\/{rel}","templated":true}]}}