{"id":53430,"date":"2022-06-23T15:23:29","date_gmt":"2022-06-23T13:23:29","guid":{"rendered":"https:\/\/secureus.se\/produkt\/nodlarm-rwc-paket-gra\/"},"modified":"2026-04-23T11:57:13","modified_gmt":"2026-04-23T09:57:13","slug":"nodlarm-rwc-paket-gra","status":"publish","type":"product","link":"https:\/\/secureus.se\/de\/nodlarm-rwc-paket-gra\/","title":{"rendered":"Notfallalarm RWC-Paket Grau"},"content":{"rendered":"<p>Alarme werden \u00fcber die Funktionstaste \u201eNotsignal\u201c am R\u00fcckstellger\u00e4t oder an einem der Rufger\u00e4te aktiviert. Im Alarmfall werden die akustische und optische Anzeige der Anzeigetafel sowie die Quittungsdiode im R\u00fcckstellger\u00e4t und den Rufger\u00e4ten aktiviert. Alarme werden \u00fcber die Funktionstaste \u201eReset\u201c oder \u00fcber den externen Reset-Eingang zur\u00fcckgesetzt. \u00dcber den Relaisausgang im R\u00fccksetzger\u00e4t k\u00f6nnen Alarme weitergeleitet werden.<\/p>","protected":false},"excerpt":{"rendered":"<p>Alarme werden \u00fcber die Funktionstaste \u201eNotsignal\u201c am R\u00fcckstellger\u00e4t oder an einem der Rufger\u00e4te aktiviert. Im Alarmfall werden die akustische und optische Anzeige der Anzeigetafel sowie die Quittungsdiode im R\u00fcckstellger\u00e4t und den Rufger\u00e4ten aktiviert. Der Alarm wird \u00fcber die Funktionstaste zur\u00fcckgesetzt<\/p>","protected":false},"featured_media":143552,"template":"","meta":{"_acf_changed":false},"product_brand":[],"product_cat":[1606],"product_tag":[],"class_list":{"0":"post-53430","1":"product","2":"type-product","3":"status-publish","4":"has-post-thumbnail","6":"product_cat-rwc-larm","7":"product_shipping_class-tunga-paket","8":"pa_farg-gra","9":"tm-no-options","11":"first","12":"outofstock","13":"sale","14":"taxable","15":"shipping-taxable","16":"purchasable","17":"product-type-simple"},"acf":[],"_links":{"self":[{"href":"https:\/\/secureus.se\/de\/wp-json\/wp\/v2\/product\/53430","targetHints":{"allow":["GET"]}}],"collection":[{"href":"https:\/\/secureus.se\/de\/wp-json\/wp\/v2\/product"}],"about":[{"href":"https:\/\/secureus.se\/de\/wp-json\/wp\/v2\/types\/product"}],"wp:featuredmedia":[{"embeddable":true,"href":"https:\/\/secureus.se\/de\/wp-json\/wp\/v2\/media\/143552"}],"wp:attachment":[{"href":"https:\/\/secureus.se\/de\/wp-json\/wp\/v2\/media?parent=53430"}],"wp:term":[{"taxonomy":"product_brand","embeddable":true,"href":"https:\/\/secureus.se\/de\/wp-json\/wp\/v2\/product_brand?post=53430"},{"taxonomy":"product_cat","embeddable":true,"href":"https:\/\/secureus.se\/de\/wp-json\/wp\/v2\/product_cat?post=53430"},{"taxonomy":"product_tag","embeddable":true,"href":"https:\/\/secureus.se\/de\/wp-json\/wp\/v2\/product_tag?post=53430"}],"curies":[{"name":"wp","href":"https:\/\/api.w.org\/{rel}","templated":true}]}}