{"id":53439,"date":"2022-06-23T15:19:56","date_gmt":"2022-06-23T13:19:56","guid":{"rendered":"https:\/\/secureus.se\/produkt\/anropsapp-aterstalln-evaq-2-kn\/"},"modified":"2026-03-26T12:16:26","modified_gmt":"2026-03-26T11:16:26","slug":"anropsapp-aterstalln-evaq-2-kn","status":"publish","type":"product","link":"https:\/\/secureus.se\/de\/anropsapp-aterstalln-evaq-2-kn\/","title":{"rendered":"Tjeders EVAQ 2 Kn Ger\u00e4t aufrufen \/ Ger\u00e4t zur\u00fccksetzen"},"content":{"rendered":"<p>Das Ger\u00e4t enth\u00e4lt ein Display mit 8 rot\/gr\u00fcnen alphanumerischen Zeichen (Zeichenh\u00f6he 12 mm), 1 roten und 1 gr\u00fcnen Funktionstaste. Rote Quittierdiode und gr\u00fcne Betriebsanzeige unter einem 2mm Lichtleiter im Deckel. Summer mit einstellbarer Lautst\u00e4rke und Alarmeingang\/-ausgang. Dr\u00fccken Sie auf die Abdeckung: \u201eNotsignal\u201c und \u201eReset\u201c. Der Anschluss erfolgt \u00fcber eine Schraubklemme mit Drahtschutz, die auf einer ansteckbaren Klemmenleiste angebracht ist. Denken Sie daran, bei der Bestellung die Programmiervorlage auszuf\u00fcllen, da die Steuerung vor der Auslieferung programmiert wird.<\/p>\n<p>E-Mail-Nr. 5500531<\/p>\n<div id=\"section-c18\" class=\"section row section-1-cells entity-selectable\">\n<div class=\"cells wide\">\n<div id=\"c20\" class=\"cell column is-light twelve span-12 entity-selectable\">\n<div class=\"content\">\n<div class=\"widget html-widget\">\n<div class=\"tinymce\">\n<h2 id=\"ic_toc_link_1\"><strong>App aufrufen\/Evaq 2 Kn C wiederherstellen<\/strong><\/h2>\n<\/div>\n<\/div>\n<\/div>\n<\/div>\n<\/div>\n<\/div>\n<div id=\"section-c28\" class=\"section row section-2-cells entity-selectable\">\n<div class=\"cells wide\">\n<div id=\"c34\" class=\"cell column is-light four span-4 entity-selectable\">\n<div class=\"content\">\n<div class=\"widget html-widget\">\n<div class=\"tinymce\">\n<p>Ruf- und Resetger\u00e4t Evaq mit Display, roter und gr\u00fcner Funktionstaste. Text \u201eNotsignal\u201c und \u201eBergung\u201c.<\/p>\n<\/div>\n<\/div>\n<\/div>\n<\/div>\n<\/div>\n<\/div>\n<h3 class=\"action-buttons\"><strong>Funktionsbeschreibung<\/strong><\/h3>\n<div id=\"section-c48\" class=\"section row section-2-cells entity-selectable\">\n<div class=\"cells wide\">\n<div id=\"c50\" class=\"cell column is-light six span-6 entity-selectable\">\n<div class=\"content\">\n<div class=\"widget html-widget\">\n<div class=\"tinymce\">\n<p>Das Ger\u00e4t enth\u00e4lt ein Display mit 8 rot\/gr\u00fcnen alphanumerischen Zeichen (Zeichenh\u00f6he 12 mm), 1 roten und 1 gr\u00fcnen Funktionstaste.<\/p>\n<p>Rote Quittierdiode und gr\u00fcne Betriebsanzeige unter einem 2mm Lichtleiter im Deckel. Summer mit einstellbarer Lautst\u00e4rke und Ein-\/Ausgang f\u00fcr Alarme. Dr\u00fccken Sie auf die Abdeckung: \u201eNotsignal\u201c und \u201eReset\u201c. Der Anschluss erfolgt \u00fcber eine Schraubklemme mit Drahtschutz, die auf einer ansteckbaren Klemmenleiste angebracht ist.<\/p>\n<p>Zur Unterputzmontage in runder Ger\u00e4tedose c\/c 60mm oder Aufputzmontage im Wandrahmen 11060068 (E-Nr. 5020012) (H\u00f6he 26mm). Abdeckkappe zur Schraubbefestigung aus wei\u00dfem Thermoplast.<\/p>\n<ul>\n<li><strong>Alarmeingang<\/strong><br \/>\nDie Aktivierung des Eingangs (Schlie\u00dferkontakt) l\u00f6st einen Alarm am Ger\u00e4t aus.<\/li>\n<li><strong>Alarmausgang 1<\/strong><br \/>\nDer Ausgang wird im Falle eines Alarms am Ger\u00e4t aktiviert und deaktiviert, wenn der Alarm zur\u00fcckgesetzt wird.<\/li>\n<li><strong>Alarmausgang 2<\/strong><br \/>\nDer Ausgang wird bei einem Alarm am Ger\u00e4t aktiviert und bei Quittierung des Alarms deaktiviert.<\/li>\n<\/ul>\n<\/div>\n<\/div>\n<\/div>\n<\/div>\n<div id=\"c54\" class=\"cell column is-light six span-6 entity-selectable\">\n<div class=\"content\">\n<div class=\"widget html-widget callout-widget left\">\n<div class=\"content-toolbar\"><\/div>\n<div class=\"tinymce callout\">\n<h3 id=\"ic_toc_link_4\"><strong>Technische Spezifikation<\/strong><\/h3>\n<table class=\"procydoTable\" border=\"1\">\n<tbody>\n<tr>\n<td>Gewicht<\/td>\n<td>133 g<\/td>\n<\/tr>\n<tr>\n<td>Vorlaufzeit<\/td>\n<td>10 Tage<\/td>\n<\/tr>\n<tr>\n<td>Betriebsspannung<\/td>\n<td>12-24 VDC +\/-15%<\/td>\n<\/tr>\n<tr>\n<td>Eingang f\u00fcr Meldekontakt<\/td>\n<td>Schlie\u00dfen\/Brechen<\/td>\n<\/tr>\n<tr>\n<td>Abmessungen (Ger\u00e4t, nicht verpackt) (H*B*Tj, mm)<\/td>\n<td>90x90x29<\/td>\n<\/tr>\n<tr>\n<td>Abmessungen (Ger\u00e4t, verpackt in einer Box) (H*B*Tj, mm)<\/td>\n<td>93x93x40<\/td>\n<\/tr>\n<tr>\n<td>Transistorausgang, Open-Collector-Typ (GND)<\/td>\n<td>Abschluss<\/td>\n<\/tr>\n<tr>\n<td>Ausgang, maximale Spannung (VDC)<\/td>\n<td>50<\/td>\n<\/tr>\n<tr>\n<td>Ausgang, Max. Strom (mA)<\/td>\n<td>500<\/td>\n<\/tr>\n<tr>\n<td>Gewicht (Gramm)<\/td>\n<td>133<\/td>\n<\/tr>\n<tr>\n<td>Maximaler Stromverbrauch bei 12 VDC (, mA)<\/td>\n<td>130<\/td>\n<\/tr>\n<tr>\n<td>Maximaler Stromverbrauch bei 24 VDC (, mA)<\/td>\n<td>70<\/td>\n<\/tr>\n<\/tbody>\n<\/table>\n<\/div>\n<div class=\"pointer-container\"><\/div>\n<\/div>\n<\/div>\n<\/div>\n<\/div>\n<\/div>\n<div id=\"section-c68\" class=\"section row section-2-cells entity-selectable\">\n<div class=\"cells wide\">\n<div id=\"c74\" class=\"cell column is-light eight span-8 entity-selectable\">\n<div class=\"content\">\n<div class=\"widget html-widget\">\n<div class=\"tinymce\">\n<h4 id=\"ic_toc_link_5\"><strong>Installation \/ Anschluss<\/strong><\/h4>\n<p>Das Ger\u00e4t wird versenkt in einer runden Ger\u00e4tedose c\/c 60mm oder au\u00dfen in einem Wandrahmen montiert.<\/p>\n<p>F\u00fcr die Installation in verschiedenen Umgebungen ist eine Reihe von Zubeh\u00f6rteilen erh\u00e4ltlich.<\/p>\n<p>Der Anschluss erfolgt \u00fcber Schraubklemmen mit Drahtschutz.<br \/>\nDer Anschluss der Alarmeing\u00e4nge und Alarmausg\u00e4nge erfolgt nach dem Prinzipschaltbild.<\/p>\n<p><strong>Stromversorgung<\/strong><\/p>\n<p>Das Ger\u00e4t wird mit 12 \u2013 24 VDC betrieben. Der Eingangsspannungsbereich des Ger\u00e4ts kann +\/- 15% verarbeiten.<\/p>\n<\/div>\n<\/div>\n<\/div>\n<\/div>\n<\/div>\n<\/div>\n<div id=\"section-c80\" class=\"section row section-1-cells entity-selectable\">\n<div class=\"cells wide\">\n<div id=\"c82\" class=\"cell column is-light twelve span-12 entity-selectable\">\n<div class=\"content\">\n<div class=\"widget html-widget\">\n<div class=\"tinymce\">\n<div class=\"image-cell\"><img decoding=\"async\" src=\"https:\/\/tjeders.infocaption.com\/media\/20210128\/247\/image_3.png\" alt=\"\" \/><\/div>\n<\/div>\n<\/div>\n<\/div>\n<\/div>\n<\/div>\n<\/div>\n<div id=\"section-c88\" class=\"section row section-1-cells entity-selectable\">\n<div class=\"section-sibling\"><\/div>\n<\/div>\n<div id=\"section-c96\" class=\"section row section-2-cells entity-selectable\">\n<div class=\"cells wide\">\n<div id=\"c102\" class=\"cell column is-light eight span-8 entity-selectable\">\n<div class=\"content\">\n<div class=\"widget html-widget\">\n<div class=\"tinymce\">\n<h4 id=\"ic_toc_link_6\"><strong>Montage \/ Platzierung<\/strong><\/h4>\n<p>Zur Unterputzmontage in runder Ger\u00e4tedose c\/c 60mm oder Aufputzmontage im Wandrahmen 11060068 (E-Nr. 5020012) (H\u00f6he 26mm). Abdeckkappe zur Schraubbefestigung aus wei\u00dfem Thermoplast.<\/p>\n<p>Das Ger\u00e4t kann an jeder beliebigen Stelle im Loop platziert werden.<\/p>\n<\/div>\n<\/div>\n<\/div>\n<\/div>\n<\/div>\n<\/div>\n<div id=\"section-c116\" class=\"section row section-2-cells entity-selectable\">\n<div class=\"cells wide\">\n<div id=\"c122\" class=\"cell column is-light eight span-8 entity-selectable\">\n<div class=\"content\">\n<div class=\"widget html-widget\">\n<div class=\"content-toolbar\"><\/div>\n<div class=\"tinymce\">\n<h4 id=\"ic_toc_link_7\"><strong>Programmierung \/ Adressierung \/ Einstellungen<\/strong><\/h4>\n<p>Die Ger\u00e4teadresse wird entsprechend der spezifischen Anlagendokumentation eingestellt. Jede Adresse verf\u00fcgt \u00fcber einen eigenen eindeutigen Text zur Alarmanzeige in Zentraleinheiten.<\/p>\n<p>Alle Call App\/Restore-Ger\u00e4te m\u00fcssen der Reihe nach adressiert werden, beginnend bei Adresse 1 bis maximal 50.<\/p>\n<\/div>\n<\/div>\n<\/div>\n<\/div>\n<\/div>\n<\/div>\n<div id=\"section-c128\" class=\"section row section-2-cells entity-selectable\">\n<div class=\"cells wide\">\n<div id=\"c130\" class=\"cell column is-light six span-6 entity-selectable\">\n<div class=\"content\">\n<div class=\"widget html-widget\">\n<div class=\"tinymce\">\n<div class=\"image-cell\"><img decoding=\"async\" src=\"https:\/\/tjeders.infocaption.com\/media\/20210128\/247\/image_1.png\" alt=\"\" \/><\/div>\n<\/div>\n<\/div>\n<\/div>\n<\/div>\n<div id=\"c134\" class=\"cell column is-light six span-6 entity-selectable\">\n<div class=\"action-buttons\"><\/div>\n<div class=\"content-toolbar\"><\/div>\n<div class=\"content\">\n<div class=\"widget html-widget\">\n<div class=\"content-toolbar\"><\/div>\n<div class=\"tinymce\">\n<div class=\"image-cell\"><img decoding=\"async\" src=\"https:\/\/tjeders.infocaption.com\/media\/20210128\/247\/image_2.png\" alt=\"\" \/><\/div>\n<\/div>\n<\/div>\n<\/div>\n<\/div>\n<\/div>\n<\/div>","protected":false},"excerpt":{"rendered":"<p>Das Ger\u00e4t enth\u00e4lt ein Display mit 8 rot\/gr\u00fcnen alphanumerischen Zeichen (Zeichenh\u00f6he 12 mm), 1 roten und 1 gr\u00fcnen Funktionstaste. Rote Quittierdiode und gr\u00fcne Betriebsanzeige unter einem 2mm Lichtleiter im Deckel. Summer mit einstellbarer Lautst\u00e4rke<\/p>","protected":false},"featured_media":143774,"template":"","meta":{"_acf_changed":false},"product_brand":[],"product_cat":[1609],"product_tag":[],"class_list":{"0":"post-53439","1":"product","2":"type-product","3":"status-publish","4":"has-post-thumbnail","6":"product_cat-nod-evakueringslarm","7":"product_shipping_class-tunga-paket","8":"pa_brands-tjeders","9":"pa_farg-vit","10":"tm-no-options","12":"first","13":"instock","14":"sale","15":"taxable","16":"shipping-taxable","17":"purchasable","18":"product-type-simple"},"acf":[],"_links":{"self":[{"href":"https:\/\/secureus.se\/de\/wp-json\/wp\/v2\/product\/53439","targetHints":{"allow":["GET"]}}],"collection":[{"href":"https:\/\/secureus.se\/de\/wp-json\/wp\/v2\/product"}],"about":[{"href":"https:\/\/secureus.se\/de\/wp-json\/wp\/v2\/types\/product"}],"wp:featuredmedia":[{"embeddable":true,"href":"https:\/\/secureus.se\/de\/wp-json\/wp\/v2\/media\/143774"}],"wp:attachment":[{"href":"https:\/\/secureus.se\/de\/wp-json\/wp\/v2\/media?parent=53439"}],"wp:term":[{"taxonomy":"product_brand","embeddable":true,"href":"https:\/\/secureus.se\/de\/wp-json\/wp\/v2\/product_brand?post=53439"},{"taxonomy":"product_cat","embeddable":true,"href":"https:\/\/secureus.se\/de\/wp-json\/wp\/v2\/product_cat?post=53439"},{"taxonomy":"product_tag","embeddable":true,"href":"https:\/\/secureus.se\/de\/wp-json\/wp\/v2\/product_tag?post=53439"}],"curies":[{"name":"wp","href":"https:\/\/api.w.org\/{rel}","templated":true}]}}