{"id":53440,"date":"2022-06-23T15:19:47","date_gmt":"2022-06-23T13:19:47","guid":{"rendered":"https:\/\/secureus.se\/produkt\/centralenhet-evaq-2-kn\/"},"modified":"2026-03-26T12:16:31","modified_gmt":"2026-03-26T11:16:31","slug":"centralenhet-evaq-2-kn","status":"publish","type":"product","link":"https:\/\/secureus.se\/de\/centralenhet-evaq-2-kn\/","title":{"rendered":"Zentraleinheit Evaq 2 Kn"},"content":{"rendered":"<p>Die Zentraleinheit kann bis zu 50 Alarmpunkte verwalten. Das Ger\u00e4t enth\u00e4lt ein Display mit 8 rot\/gr\u00fcnen alphanumerischen Zeichen (Zeichenh\u00f6he 12 mm) und 2 gr\u00fcnen Funktionstasten. Rote Quittierdiode und gr\u00fcne Betriebsanzeige unter einem 2mm Lichtleiter im Deckel. Summer mit einstellbarer Lautst\u00e4rke und Eingang f\u00fcr Steuerfunktion (Aktivierung von \u201eKassenbon\u201c). Ausg\u00e4nge f\u00fcr Summer, Totalalarm und Fehleralarm. Der Anschluss erfolgt \u00fcber eine Schraubklemme mit Drahtschutz auf einer steckbaren Klemmenplatine.<\/p>","protected":false},"excerpt":{"rendered":"<p>Die Zentraleinheit kann bis zu 50 Alarmpunkte verwalten. Das Ger\u00e4t enth\u00e4lt ein Display mit 8 rot\/gr\u00fcnen alphanumerischen Zeichen (Zeichenh\u00f6he 12 mm) und 2 gr\u00fcnen Funktionstasten. Rote Quittungsdiode und gr\u00fcne Betriebsanzeige unter einem 2mm Lichtleiter<\/p>","protected":false},"featured_media":143425,"template":"","meta":{"_acf_changed":false},"product_brand":[],"product_cat":[1609],"product_tag":[],"class_list":{"0":"post-53440","1":"product","2":"type-product","3":"status-publish","4":"has-post-thumbnail","6":"product_cat-nod-evakueringslarm","7":"product_shipping_class-tunga-paket","8":"tm-no-options","10":"first","11":"outofstock","12":"sale","13":"taxable","14":"shipping-taxable","15":"purchasable","16":"product-type-simple"},"acf":[],"_links":{"self":[{"href":"https:\/\/secureus.se\/de\/wp-json\/wp\/v2\/product\/53440","targetHints":{"allow":["GET"]}}],"collection":[{"href":"https:\/\/secureus.se\/de\/wp-json\/wp\/v2\/product"}],"about":[{"href":"https:\/\/secureus.se\/de\/wp-json\/wp\/v2\/types\/product"}],"wp:featuredmedia":[{"embeddable":true,"href":"https:\/\/secureus.se\/de\/wp-json\/wp\/v2\/media\/143425"}],"wp:attachment":[{"href":"https:\/\/secureus.se\/de\/wp-json\/wp\/v2\/media?parent=53440"}],"wp:term":[{"taxonomy":"product_brand","embeddable":true,"href":"https:\/\/secureus.se\/de\/wp-json\/wp\/v2\/product_brand?post=53440"},{"taxonomy":"product_cat","embeddable":true,"href":"https:\/\/secureus.se\/de\/wp-json\/wp\/v2\/product_cat?post=53440"},{"taxonomy":"product_tag","embeddable":true,"href":"https:\/\/secureus.se\/de\/wp-json\/wp\/v2\/product_tag?post=53440"}],"curies":[{"name":"wp","href":"https:\/\/api.w.org\/{rel}","templated":true}]}}