{"id":53441,"date":"2022-06-23T15:18:33","date_gmt":"2022-06-23T13:18:33","guid":{"rendered":"https:\/\/secureus.se\/produkt\/nodlarm-bfl-paket\/"},"modified":"2026-04-08T16:49:04","modified_gmt":"2026-04-08T14:49:04","slug":"nodlarm-bfl-paket","status":"publish","type":"product","link":"https:\/\/secureus.se\/de\/nodlarm-bfl-paket\/","title":{"rendered":"Notfallalarm Bfl-Paket"},"content":{"rendered":"<p>Alarm wird \u00fcber Funktionstaste \u201eNotsignal\u201c am Reset-Ger\u00e4t aktiviert. Im Alarmfall werden die akustische und optische Anzeige der Anzeigetafel sowie die Quittierungsdiode im R\u00fcckstellger\u00e4t aktiviert. Alarme werden \u00fcber die Funktionstaste \u201eReset\u201c zur\u00fcckgesetzt. Alarme k\u00f6nnen vom Relaisausgang in das R\u00fccksetzger\u00e4t mit Speicher weitergeleitet werden.<\/p>","protected":false},"excerpt":{"rendered":"<p>Alarm wird \u00fcber Funktionstaste \u201eNotsignal\u201c am Reset-Ger\u00e4t aktiviert. Im Alarmfall werden die akustische und optische Anzeige der Anzeigetafel sowie die Quittierungsdiode im R\u00fcckstellger\u00e4t aktiviert. Alarme werden \u00fcber die Funktionstaste \u201eReset\u201c zur\u00fcckgesetzt. \u00dcber den Relaisausgang i k\u00f6nnen Alarme weitergeleitet werden<\/p>","protected":false},"featured_media":144232,"template":"","meta":{"_acf_changed":false},"product_brand":[],"product_cat":[1610],"product_tag":[],"class_list":{"0":"post-53441","1":"product","2":"type-product","3":"status-publish","4":"has-post-thumbnail","6":"product_cat-instangningslarm","7":"product_shipping_class-tunga-paket","8":"tm-no-options","10":"first","11":"outofstock","12":"sale","13":"taxable","14":"shipping-taxable","15":"purchasable","16":"product-type-simple"},"acf":[],"_links":{"self":[{"href":"https:\/\/secureus.se\/de\/wp-json\/wp\/v2\/product\/53441","targetHints":{"allow":["GET"]}}],"collection":[{"href":"https:\/\/secureus.se\/de\/wp-json\/wp\/v2\/product"}],"about":[{"href":"https:\/\/secureus.se\/de\/wp-json\/wp\/v2\/types\/product"}],"wp:featuredmedia":[{"embeddable":true,"href":"https:\/\/secureus.se\/de\/wp-json\/wp\/v2\/media\/144232"}],"wp:attachment":[{"href":"https:\/\/secureus.se\/de\/wp-json\/wp\/v2\/media?parent=53441"}],"wp:term":[{"taxonomy":"product_brand","embeddable":true,"href":"https:\/\/secureus.se\/de\/wp-json\/wp\/v2\/product_brand?post=53441"},{"taxonomy":"product_cat","embeddable":true,"href":"https:\/\/secureus.se\/de\/wp-json\/wp\/v2\/product_cat?post=53441"},{"taxonomy":"product_tag","embeddable":true,"href":"https:\/\/secureus.se\/de\/wp-json\/wp\/v2\/product_tag?post=53441"}],"curies":[{"name":"wp","href":"https:\/\/api.w.org\/{rel}","templated":true}]}}