{"id":53445,"date":"2022-06-23T15:13:59","date_gmt":"2022-06-23T13:13:59","guid":{"rendered":"https:\/\/secureus.se\/produkt\/aterstalln-knapp-1slinga\/"},"modified":"2026-03-26T12:17:05","modified_gmt":"2026-03-26T11:17:05","slug":"aterstalln-knapp-1slinga","status":"publish","type":"product","link":"https:\/\/secureus.se\/de\/aterstalln-knapp-1slinga\/","title":{"rendered":"Reset-Taste 1Schleife"},"content":{"rendered":"<p>Hauptger\u00e4t mit 1 Schleife. Die Alarmmeldung kann \u00fcber Schalter oder schlie\u00dfende potenzialfreie Kontakte erfolgen. Der Schleife kann eine Eingangsverz\u00f6gerung von 150 ms oder 2,5 s sowie Speicher\/Nichtspeicher zugewiesen werden. Die Schleife verf\u00fcgt \u00fcber eine Kurzschluss-\/Unterbrechungs\u00fcberwachung. Potentialfreier Schaltkontakt. Markierungsm\u00f6glichkeit im Knopf und Typenschild. Betriebsspannung 15 \u2013 28 V AC \/ 18 \u2013 35 V DC. Stromverbrauch 70 mA Wechselstrom \/ 40 mA Gleichstrom.<\/p>","protected":false},"excerpt":{"rendered":"<p>Hauptger\u00e4t mit 1 Schleife. Die Alarmmeldung kann \u00fcber Schalter oder schlie\u00dfende potenzialfreie Kontakte erfolgen. Der Schleife kann eine Eingangsverz\u00f6gerung von 150 ms oder 2,5 s sowie Speicher\/Nichtspeicher zugewiesen werden. Die Schleife hat einen Kurzschluss<\/p>","protected":false},"featured_media":143785,"template":"","meta":{"_acf_changed":false},"product_brand":[],"product_cat":[1612],"product_tag":[],"class_list":{"0":"post-53445","1":"product","2":"type-product","3":"status-publish","4":"has-post-thumbnail","6":"product_cat-aterstallningsenhet","7":"product_shipping_class-tunga-paket","8":"pa_farg-vit","9":"tm-no-options","11":"first","12":"outofstock","13":"sale","14":"taxable","15":"shipping-taxable","16":"purchasable","17":"product-type-simple"},"acf":[],"_links":{"self":[{"href":"https:\/\/secureus.se\/de\/wp-json\/wp\/v2\/product\/53445","targetHints":{"allow":["GET"]}}],"collection":[{"href":"https:\/\/secureus.se\/de\/wp-json\/wp\/v2\/product"}],"about":[{"href":"https:\/\/secureus.se\/de\/wp-json\/wp\/v2\/types\/product"}],"wp:featuredmedia":[{"embeddable":true,"href":"https:\/\/secureus.se\/de\/wp-json\/wp\/v2\/media\/143785"}],"wp:attachment":[{"href":"https:\/\/secureus.se\/de\/wp-json\/wp\/v2\/media?parent=53445"}],"wp:term":[{"taxonomy":"product_brand","embeddable":true,"href":"https:\/\/secureus.se\/de\/wp-json\/wp\/v2\/product_brand?post=53445"},{"taxonomy":"product_cat","embeddable":true,"href":"https:\/\/secureus.se\/de\/wp-json\/wp\/v2\/product_cat?post=53445"},{"taxonomy":"product_tag","embeddable":true,"href":"https:\/\/secureus.se\/de\/wp-json\/wp\/v2\/product_tag?post=53445"}],"curies":[{"name":"wp","href":"https:\/\/api.w.org\/{rel}","templated":true}]}}