{"id":53447,"date":"2022-06-23T15:13:37","date_gmt":"2022-06-23T13:13:37","guid":{"rendered":"https:\/\/secureus.se\/produkt\/aterstalln-minne\/"},"modified":"2026-04-08T16:54:30","modified_gmt":"2026-04-08T14:54:30","slug":"aterstalln-minne","status":"publish","type":"product","link":"https:\/\/secureus.se\/de\/aterstalln-minne\/","title":{"rendered":"Speicher wiederherstellen"},"content":{"rendered":"<p>Speicherfunktion und Eing\u00e4nge f\u00fcr Alarm und Reset. Relaisausg\u00e4nge f\u00fcr Alarme. Der Anschluss erfolgt \u00fcber eine Schraubklemme mit Drahtschutz. Zur Unterputzmontage in einer runden Ger\u00e4tedose c\/c 60mm oder Aufputzmontage im Wandrahmen 5020012 (H\u00f6he 26mm). Abdeckkappe zur Schraubbefestigung aus wei\u00dfem Thermoplast.<\/p>","protected":false},"excerpt":{"rendered":"<p>Speicherfunktion und Eing\u00e4nge f\u00fcr Alarm und Reset. Relaisausg\u00e4nge f\u00fcr Alarme. Der Anschluss erfolgt \u00fcber eine Schraubklemme mit Drahtschutz. Zur Unterputzmontage in runder Ger\u00e4tedose c\/c 60mm oder Aufputzmontage im Wandrahmen 5020012 (H\u00f6he<\/p>","protected":false},"featured_media":144250,"template":"","meta":{"_acf_changed":false},"product_brand":[],"product_cat":[1612],"product_tag":[],"class_list":{"0":"post-53447","1":"product","2":"type-product","3":"status-publish","4":"has-post-thumbnail","6":"product_cat-aterstallningsenhet","7":"product_shipping_class-tunga-paket","8":"pa_farg-vit","9":"tm-no-options","11":"first","12":"outofstock","13":"sale","14":"taxable","15":"shipping-taxable","16":"purchasable","17":"product-type-simple"},"acf":[],"_links":{"self":[{"href":"https:\/\/secureus.se\/de\/wp-json\/wp\/v2\/product\/53447","targetHints":{"allow":["GET"]}}],"collection":[{"href":"https:\/\/secureus.se\/de\/wp-json\/wp\/v2\/product"}],"about":[{"href":"https:\/\/secureus.se\/de\/wp-json\/wp\/v2\/types\/product"}],"wp:featuredmedia":[{"embeddable":true,"href":"https:\/\/secureus.se\/de\/wp-json\/wp\/v2\/media\/144250"}],"wp:attachment":[{"href":"https:\/\/secureus.se\/de\/wp-json\/wp\/v2\/media?parent=53447"}],"wp:term":[{"taxonomy":"product_brand","embeddable":true,"href":"https:\/\/secureus.se\/de\/wp-json\/wp\/v2\/product_brand?post=53447"},{"taxonomy":"product_cat","embeddable":true,"href":"https:\/\/secureus.se\/de\/wp-json\/wp\/v2\/product_cat?post=53447"},{"taxonomy":"product_tag","embeddable":true,"href":"https:\/\/secureus.se\/de\/wp-json\/wp\/v2\/product_tag?post=53447"}],"curies":[{"name":"wp","href":"https:\/\/api.w.org\/{rel}","templated":true}]}}