{"id":53449,"date":"2022-06-23T15:13:12","date_gmt":"2022-06-23T13:13:12","guid":{"rendered":"https:\/\/secureus.se\/produkt\/aterstalln-enkel-2-kn\/"},"modified":"2026-04-08T16:48:02","modified_gmt":"2026-04-08T14:48:02","slug":"aterstalln-enkel-2-kn","status":"publish","type":"product","link":"https:\/\/secureus.se\/de\/aterstalln-enkel-2-kn\/","title":{"rendered":"Einfach 2 Kn zur\u00fccksetzen"},"content":{"rendered":"<p>Reset-Ger\u00e4t mit 1 roten und 1 gr\u00fcnen Funktionstaster und roter Quittierdiode unter einem 2-mm-Lichtleiter im Deckel. Dr\u00fccken Sie auf die Abdeckung: \u201eSignal\u201c und \u201eReset\u201c. Der Anschluss erfolgt \u00fcber eine aufsteckbare Schraubklemme mit Drahtschutz. Zur Unterputzmontage in einer runden Ger\u00e4tedose c\/c 60mm oder Aufputzmontage im Wandrahmen 5020012 (H\u00f6he 26mm). Abdeckkappe zur Schraubbefestigung aus wei\u00dfem Thermoplast.<\/p>","protected":false},"excerpt":{"rendered":"<p>Reset-Ger\u00e4t mit 1 roten und 1 gr\u00fcnen Funktionstaster und roter Quittierdiode unter einem 2mm Lichtleiter im Deckel. Dr\u00fccken Sie auf die Abdeckung: \u201eSignal\u201c und \u201eReset\u201c. Der Anschluss erfolgt \u00fcber eine aufsteckbare Schraubklemme mit Drahtschutz.<\/p>","protected":false},"featured_media":143796,"template":"","meta":{"_acf_changed":false},"product_brand":[],"product_cat":[1612],"product_tag":[],"class_list":{"0":"post-53449","1":"product","2":"type-product","3":"status-publish","4":"has-post-thumbnail","6":"product_cat-aterstallningsenhet","7":"product_shipping_class-tunga-paket","8":"pa_farg-vit","9":"tm-no-options","11":"first","12":"outofstock","13":"sale","14":"taxable","15":"shipping-taxable","16":"purchasable","17":"product-type-simple"},"acf":[],"_links":{"self":[{"href":"https:\/\/secureus.se\/de\/wp-json\/wp\/v2\/product\/53449","targetHints":{"allow":["GET"]}}],"collection":[{"href":"https:\/\/secureus.se\/de\/wp-json\/wp\/v2\/product"}],"about":[{"href":"https:\/\/secureus.se\/de\/wp-json\/wp\/v2\/types\/product"}],"wp:featuredmedia":[{"embeddable":true,"href":"https:\/\/secureus.se\/de\/wp-json\/wp\/v2\/media\/143796"}],"wp:attachment":[{"href":"https:\/\/secureus.se\/de\/wp-json\/wp\/v2\/media?parent=53449"}],"wp:term":[{"taxonomy":"product_brand","embeddable":true,"href":"https:\/\/secureus.se\/de\/wp-json\/wp\/v2\/product_brand?post=53449"},{"taxonomy":"product_cat","embeddable":true,"href":"https:\/\/secureus.se\/de\/wp-json\/wp\/v2\/product_cat?post=53449"},{"taxonomy":"product_tag","embeddable":true,"href":"https:\/\/secureus.se\/de\/wp-json\/wp\/v2\/product_tag?post=53449"}],"curies":[{"name":"wp","href":"https:\/\/api.w.org\/{rel}","templated":true}]}}