{"id":53450,"date":"2022-06-23T15:13:07","date_gmt":"2022-06-23T13:13:07","guid":{"rendered":"https:\/\/secureus.se\/produkt\/aterst-kapslad-ip65-2kn\/"},"modified":"2026-04-08T16:54:39","modified_gmt":"2026-04-08T14:54:39","slug":"aterst-kapslad-ip65-2kn","status":"publish","type":"product","link":"https:\/\/secureus.se\/de\/aterst-kapslad-ip65-2kn\/","title":{"rendered":"Rest.Encapsulated Ip65 2Kn"},"content":{"rendered":"<p>Das Ger\u00e4t enth\u00e4lt 1 rote und 1 gr\u00fcne Funktionstaste sowie eine rote Quittierdiode in der roten Funktionstaste. Dr\u00fccken Sie den Deckel: \u201eEMERGENCY SIGNAL\u201c und \u201eRESTORE\u201c. Der Anschluss erfolgt \u00fcber eine Schraubklemme. Im robusten Geh\u00e4use (Schutzart IP65) zur Aufputzmontage mit Schraubbefestigung und Bohrung im Boden zur Kabeleinf\u00fchrung.<\/p>","protected":false},"excerpt":{"rendered":"<p>Das Ger\u00e4t enth\u00e4lt 1 rote und 1 gr\u00fcne Funktionstaste sowie eine rote Quittierdiode in der roten Funktionstaste. Dr\u00fccken Sie auf die Abdeckung: \u201eEMERGENCY SIGNAL\u201c und \u201eRESTORE\u201c. Der Anschluss erfolgt \u00fcber eine Schraubklemme. Im robusten Geh\u00e4use (Schutzart IP65) vorgesehen<\/p>","protected":false},"featured_media":144253,"template":"","meta":{"_acf_changed":false},"product_brand":[],"product_cat":[1612],"product_tag":[],"class_list":{"0":"post-53450","1":"product","2":"type-product","3":"status-publish","4":"has-post-thumbnail","6":"product_cat-aterstallningsenhet","7":"product_shipping_class-tunga-paket","8":"tm-no-options","10":"first","11":"outofstock","12":"sale","13":"taxable","14":"shipping-taxable","15":"purchasable","16":"product-type-simple"},"acf":[],"_links":{"self":[{"href":"https:\/\/secureus.se\/de\/wp-json\/wp\/v2\/product\/53450","targetHints":{"allow":["GET"]}}],"collection":[{"href":"https:\/\/secureus.se\/de\/wp-json\/wp\/v2\/product"}],"about":[{"href":"https:\/\/secureus.se\/de\/wp-json\/wp\/v2\/types\/product"}],"wp:featuredmedia":[{"embeddable":true,"href":"https:\/\/secureus.se\/de\/wp-json\/wp\/v2\/media\/144253"}],"wp:attachment":[{"href":"https:\/\/secureus.se\/de\/wp-json\/wp\/v2\/media?parent=53450"}],"wp:term":[{"taxonomy":"product_brand","embeddable":true,"href":"https:\/\/secureus.se\/de\/wp-json\/wp\/v2\/product_brand?post=53450"},{"taxonomy":"product_cat","embeddable":true,"href":"https:\/\/secureus.se\/de\/wp-json\/wp\/v2\/product_cat?post=53450"},{"taxonomy":"product_tag","embeddable":true,"href":"https:\/\/secureus.se\/de\/wp-json\/wp\/v2\/product_tag?post=53450"}],"curies":[{"name":"wp","href":"https:\/\/api.w.org\/{rel}","templated":true}]}}