{"id":53453,"date":"2022-06-23T15:12:39","date_gmt":"2022-06-23T13:12:39","guid":{"rendered":"https:\/\/secureus.se\/produkt\/aterstalln-minne-kn\/"},"modified":"2026-04-23T11:56:56","modified_gmt":"2026-04-23T09:56:56","slug":"aterstalln-minne-kn","status":"publish","type":"product","link":"https:\/\/secureus.se\/de\/aterstalln-minne-kn\/","title":{"rendered":"Speicher Kn wiederherstellen"},"content":{"rendered":"<p>Das Ger\u00e4t enth\u00e4lt unter einem 2mm Lichtleiter im Deckel eine gr\u00fcne Funktionstaste und eine rote Quittierdiode. Speicherfunktion und Eing\u00e4nge f\u00fcr Alarm und Reset. Relaisausg\u00e4nge f\u00fcr Alarme. Tippen Sie auf das Cover: \u201eZur\u00fccksetzen\u201c. Der Anschluss erfolgt \u00fcber eine Schraubklemme mit Drahtschutz. Zur Unterputzmontage in einer runden Ger\u00e4tedose c\/c 60mm oder Aufputzmontage im Wandrahmen 5020012 (H\u00f6he 26mm). Abdeckkappe zur Schraubbefestigung aus wei\u00dfem Thermoplast.<\/p>","protected":false},"excerpt":{"rendered":"<p>Das Ger\u00e4t enth\u00e4lt unter einem 2mm Lichtleiter im Deckel eine gr\u00fcne Funktionstaste und eine rote Quittierdiode. Speicherfunktion und Eing\u00e4nge f\u00fcr Alarm und Reset. Relaisausg\u00e4nge f\u00fcr Alarme. Tippen Sie auf das Cover: \u201eZur\u00fccksetzen\u201c. Die Verbindung erfolgt am<\/p>","protected":false},"featured_media":143807,"template":"","meta":{"_acf_changed":false},"product_brand":[],"product_cat":[1612],"product_tag":[],"class_list":{"0":"post-53453","1":"product","2":"type-product","3":"status-publish","4":"has-post-thumbnail","6":"product_cat-aterstallningsenhet","7":"product_shipping_class-tunga-paket","8":"pa_farg-vit","9":"tm-no-options","11":"first","12":"outofstock","13":"sale","14":"taxable","15":"shipping-taxable","16":"purchasable","17":"product-type-simple"},"acf":[],"_links":{"self":[{"href":"https:\/\/secureus.se\/de\/wp-json\/wp\/v2\/product\/53453","targetHints":{"allow":["GET"]}}],"collection":[{"href":"https:\/\/secureus.se\/de\/wp-json\/wp\/v2\/product"}],"about":[{"href":"https:\/\/secureus.se\/de\/wp-json\/wp\/v2\/types\/product"}],"wp:featuredmedia":[{"embeddable":true,"href":"https:\/\/secureus.se\/de\/wp-json\/wp\/v2\/media\/143807"}],"wp:attachment":[{"href":"https:\/\/secureus.se\/de\/wp-json\/wp\/v2\/media?parent=53453"}],"wp:term":[{"taxonomy":"product_brand","embeddable":true,"href":"https:\/\/secureus.se\/de\/wp-json\/wp\/v2\/product_brand?post=53453"},{"taxonomy":"product_cat","embeddable":true,"href":"https:\/\/secureus.se\/de\/wp-json\/wp\/v2\/product_cat?post=53453"},{"taxonomy":"product_tag","embeddable":true,"href":"https:\/\/secureus.se\/de\/wp-json\/wp\/v2\/product_tag?post=53453"}],"curies":[{"name":"wp","href":"https:\/\/api.w.org\/{rel}","templated":true}]}}