{"id":53457,"date":"2022-06-23T15:11:27","date_gmt":"2022-06-23T13:11:27","guid":{"rendered":"https:\/\/secureus.se\/produkt\/anropsapp-kn-uttag-signal\/"},"modified":"2026-04-23T11:57:43","modified_gmt":"2026-04-23T09:57:43","slug":"anropsapp-kn-uttag-signal","status":"publish","type":"product","link":"https:\/\/secureus.se\/de\/anropsapp-kn-uttag-signal\/","title":{"rendered":"Anruf-App Kn Outlet \u201eSignal\u201c"},"content":{"rendered":"<p>Das Ger\u00e4t enth\u00e4lt eine rote Funktionstaste, eine 6,35-mm-Funktionsbuchse und eine rote Quittierdiode unter einem 2-mm-Lichtleiter im Deckel. Deckel dr\u00fccken: \u201eSignal\u201c. Der Anschluss erfolgt \u00fcber eine aufsteckbare Schraubklemme mit Drahtschutz. Zur Unterputzmontage in einer runden Ger\u00e4tedose c\/c 60mm oder Aufputzmontage im Wandrahmen 5020012 (H\u00f6he 16mm). Abdeckkappe zur Schraubbefestigung aus wei\u00dfem Thermoplast.<\/p>","protected":false},"excerpt":{"rendered":"<p>Das Ger\u00e4t enth\u00e4lt eine rote Funktionstaste, eine 6,35-mm-Funktionsbuchse und eine rote Quittierdiode unter einem 2-mm-Lichtleiter im Deckel. Deckel dr\u00fccken: \u201eSignal\u201c. Der Anschluss erfolgt \u00fcber eine aufsteckbare Schraubklemme mit Drahtschutz. Zum fl\u00e4chenb\u00fcndigen Einbau in<\/p>","protected":false},"featured_media":143812,"template":"","meta":{"_acf_changed":false},"product_brand":[],"product_cat":[1608],"product_tag":[],"class_list":{"0":"post-53457","1":"product","2":"type-product","3":"status-publish","4":"has-post-thumbnail","6":"product_cat-larmknappar","7":"product_shipping_class-tunga-paket","8":"pa_farg-vit","9":"tm-no-options","11":"first","12":"outofstock","13":"sale","14":"taxable","15":"shipping-taxable","16":"purchasable","17":"product-type-simple"},"acf":[],"_links":{"self":[{"href":"https:\/\/secureus.se\/de\/wp-json\/wp\/v2\/product\/53457","targetHints":{"allow":["GET"]}}],"collection":[{"href":"https:\/\/secureus.se\/de\/wp-json\/wp\/v2\/product"}],"about":[{"href":"https:\/\/secureus.se\/de\/wp-json\/wp\/v2\/types\/product"}],"wp:featuredmedia":[{"embeddable":true,"href":"https:\/\/secureus.se\/de\/wp-json\/wp\/v2\/media\/143812"}],"wp:attachment":[{"href":"https:\/\/secureus.se\/de\/wp-json\/wp\/v2\/media?parent=53457"}],"wp:term":[{"taxonomy":"product_brand","embeddable":true,"href":"https:\/\/secureus.se\/de\/wp-json\/wp\/v2\/product_brand?post=53457"},{"taxonomy":"product_cat","embeddable":true,"href":"https:\/\/secureus.se\/de\/wp-json\/wp\/v2\/product_cat?post=53457"},{"taxonomy":"product_tag","embeddable":true,"href":"https:\/\/secureus.se\/de\/wp-json\/wp\/v2\/product_tag?post=53457"}],"curies":[{"name":"wp","href":"https:\/\/api.w.org\/{rel}","templated":true}]}}