{"id":53466,"date":"2022-06-22T11:24:47","date_gmt":"2022-06-22T09:24:47","guid":{"rendered":"https:\/\/secureus.se\/produkt\/radiosandare-ernv\/"},"modified":"2026-04-08T16:59:20","modified_gmt":"2026-04-08T14:59:20","slug":"radiosandare-ernv","status":"publish","type":"product","link":"https:\/\/secureus.se\/de\/radiosandare-ernv\/","title":{"rendered":"Funksender Ernv"},"content":{"rendered":"<p>Funksender mit vier Tasten in modernem Design mit integrierter Mifare-Ablage. Passend f\u00fcr alle CDVI-Funkempf\u00e4nger, die auf der gleichen Frequenz (433,92 MHz) arbeiten. Hervorragend geeignet zur Steuerung von automatischen T\u00fcren, Beleuchtung, Alarmen usw.<\/p>","protected":false},"excerpt":{"rendered":"<p>Funksender mit vier Tasten in modernem Design mit integrierter Mifare-Ablage. Passend f\u00fcr alle CDVI-Funkempf\u00e4nger, die auf der gleichen Frequenz (433,92 MHz) arbeiten. Hervorragend geeignet zur Steuerung von automatischen T\u00fcren, Beleuchtung, Alarmen usw.<\/p>","protected":false},"featured_media":144309,"template":"","meta":{"_acf_changed":false},"product_brand":[],"product_cat":[1616],"product_tag":[2273],"class_list":{"0":"post-53466","1":"product","2":"type-product","3":"status-publish","4":"has-post-thumbnail","6":"product_cat-radiosandare-mottagare","7":"product_tag-radio-sandare-erone","8":"product_shipping_class-tunga-paket","9":"tm-no-options","11":"first","12":"outofstock","13":"sale","14":"taxable","15":"shipping-taxable","16":"purchasable","17":"product-type-simple"},"acf":[],"_links":{"self":[{"href":"https:\/\/secureus.se\/de\/wp-json\/wp\/v2\/product\/53466","targetHints":{"allow":["GET"]}}],"collection":[{"href":"https:\/\/secureus.se\/de\/wp-json\/wp\/v2\/product"}],"about":[{"href":"https:\/\/secureus.se\/de\/wp-json\/wp\/v2\/types\/product"}],"wp:featuredmedia":[{"embeddable":true,"href":"https:\/\/secureus.se\/de\/wp-json\/wp\/v2\/media\/144309"}],"wp:attachment":[{"href":"https:\/\/secureus.se\/de\/wp-json\/wp\/v2\/media?parent=53466"}],"wp:term":[{"taxonomy":"product_brand","embeddable":true,"href":"https:\/\/secureus.se\/de\/wp-json\/wp\/v2\/product_brand?post=53466"},{"taxonomy":"product_cat","embeddable":true,"href":"https:\/\/secureus.se\/de\/wp-json\/wp\/v2\/product_cat?post=53466"},{"taxonomy":"product_tag","embeddable":true,"href":"https:\/\/secureus.se\/de\/wp-json\/wp\/v2\/product_tag?post=53466"}],"curies":[{"name":"wp","href":"https:\/\/api.w.org\/{rel}","templated":true}]}}