{"id":53472,"date":"2022-06-22T11:21:10","date_gmt":"2022-06-22T09:21:10","guid":{"rendered":"https:\/\/secureus.se\/produkt\/radiosandare-setr2641am2-b\/"},"modified":"2026-04-23T12:00:17","modified_gmt":"2026-04-23T10:00:17","slug":"radiosandare-setr2641am2-b","status":"publish","type":"product","link":"https:\/\/secureus.se\/de\/radiosandare-setr2641am2-b\/","title":{"rendered":"Funksender Setr2641Am2.B"},"content":{"rendered":"<p>Kleiner Funksender mit zwei Tasten in stilvollem Design, erh\u00e4ltlich in mehreren verschiedenen Farben. Passend f\u00fcr alle CDVI-Funkempf\u00e4nger, die auf der gleichen Frequenz (433,92 MHz) arbeiten. Hervorragend geeignet zur Steuerung von automatischen T\u00fcren, Beleuchtung, Alarmen usw.<\/p>","protected":false},"excerpt":{"rendered":"<p>Kleiner Funksender mit zwei Tasten in stilvollem Design, erh\u00e4ltlich in mehreren verschiedenen Farben. Passend f\u00fcr alle CDVI-Funkempf\u00e4nger, die auf der gleichen Frequenz (433,92 MHz) arbeiten. Hervorragend geeignet zur Steuerung von automatischen T\u00fcrantrieben, Beleuchtung,<\/p>","protected":false},"featured_media":143677,"template":"","meta":{"_acf_changed":false},"product_brand":[],"product_cat":[1616],"product_tag":[2273],"class_list":{"0":"post-53472","1":"product","2":"type-product","3":"status-publish","4":"has-post-thumbnail","6":"product_cat-radiosandare-mottagare","7":"product_tag-radio-sandare-erone","8":"product_shipping_class-postnord-varubrev","9":"pa_brands-cdvi","10":"tm-no-options","12":"first","13":"outofstock","14":"sale","15":"taxable","16":"shipping-taxable","17":"purchasable","18":"product-type-simple"},"acf":[],"_links":{"self":[{"href":"https:\/\/secureus.se\/de\/wp-json\/wp\/v2\/product\/53472","targetHints":{"allow":["GET"]}}],"collection":[{"href":"https:\/\/secureus.se\/de\/wp-json\/wp\/v2\/product"}],"about":[{"href":"https:\/\/secureus.se\/de\/wp-json\/wp\/v2\/types\/product"}],"wp:featuredmedia":[{"embeddable":true,"href":"https:\/\/secureus.se\/de\/wp-json\/wp\/v2\/media\/143677"}],"wp:attachment":[{"href":"https:\/\/secureus.se\/de\/wp-json\/wp\/v2\/media?parent=53472"}],"wp:term":[{"taxonomy":"product_brand","embeddable":true,"href":"https:\/\/secureus.se\/de\/wp-json\/wp\/v2\/product_brand?post=53472"},{"taxonomy":"product_cat","embeddable":true,"href":"https:\/\/secureus.se\/de\/wp-json\/wp\/v2\/product_cat?post=53472"},{"taxonomy":"product_tag","embeddable":true,"href":"https:\/\/secureus.se\/de\/wp-json\/wp\/v2\/product_tag?post=53472"}],"curies":[{"name":"wp","href":"https:\/\/api.w.org\/{rel}","templated":true}]}}