{"id":53476,"date":"2022-06-22T11:19:30","date_gmt":"2022-06-22T09:19:30","guid":{"rendered":"https:\/\/secureus.se\/produkt\/radiosandare-setr2641am2-n\/"},"modified":"2026-03-26T12:21:42","modified_gmt":"2026-03-26T11:21:42","slug":"radiosandare-setr2641am2-n","status":"publish","type":"product","link":"https:\/\/secureus.se\/de\/radiosandare-setr2641am2-n\/","title":{"rendered":"Funksender SETR2641AM2.N \u2013 CDVI 433 MHz, 2 Tasten, KeeLoq\u00ae"},"content":{"rendered":"<h3 data-start=\"593\" data-end=\"661\">Funksender SETR2641AM2.N \u2013 CDVI 433 MHz, 2 Tasten, KeeLoq\u00ae<\/h3>\n<p data-start=\"662\" data-end=\"954\"><strong data-start=\"662\" data-end=\"679\">SETR2641AM2.N<\/strong> ist einer <strong data-start=\"686\" data-end=\"710\">Kompakt-Funksender<\/strong> mit zwei Funktionstasten, entwickelt f\u00fcr eine sichere und zuverl\u00e4ssige Steuerung von <strong data-start=\"782\" data-end=\"839\">automatische T\u00fcren, Tore, Beleuchtungs- und Alarmsysteme<\/strong>.<br data-start=\"840\" data-end=\"843\" \/>Der Sender ist Teil von <strong data-start=\"865\" data-end=\"889\">CDVI-Serie mit 433 MHz<\/strong> und ist vollst\u00e4ndig kompatibel mit Empf\u00e4ngern innerhalb des gleichen Frequenzbereichs.<\/p>\n<p data-start=\"956\" data-end=\"1137\">Es verwendet <strong data-start=\"969\" data-end=\"993\">KeeLoq\u00ae H\u00fcpfcode<\/strong>, eine hochentwickelte Verschl\u00fcsselungstechnologie, die bei jeder \u00dcbertragung einen neuen Code erzeugt \u2013 und so wirksam vor Scannen und Kopieren des Signals sch\u00fctzt.<\/p>\n<hr data-start=\"1139\" data-end=\"1142\" \/>\n<h3 data-start=\"1144\" data-end=\"1170\">Technische Merkmale<\/h3>\n<ul data-start=\"1171\" data-end=\"1544\">\n<li data-start=\"1171\" data-end=\"1199\">\n<p data-start=\"1173\" data-end=\"1199\"><strong data-start=\"1173\" data-end=\"1186\">Frequenz:<\/strong> 433,92 MHz<\/p>\n<\/li>\n<li data-start=\"1200\" data-end=\"1224\">\n<p data-start=\"1202\" data-end=\"1224\"><strong data-start=\"1202\" data-end=\"1220\">Anzahl der Tasten:<\/strong> 2<\/p>\n<\/li>\n<li data-start=\"1225\" data-end=\"1268\">\n<p data-start=\"1227\" data-end=\"1268\"><strong data-start=\"1227\" data-end=\"1240\">Umfang:<\/strong> bis zu 200 m (Sichtlinie)<\/p>\n<\/li>\n<li data-start=\"1269\" data-end=\"1309\">\n<p data-start=\"1271\" data-end=\"1309\"><strong data-start=\"1271\" data-end=\"1286\">Verschl\u00fcsselung:<\/strong> KeeLoq\u00ae H\u00fcpfcode<\/p>\n<\/li>\n<li data-start=\"1310\" data-end=\"1344\">\n<p data-start=\"1312\" data-end=\"1344\"><strong data-start=\"1312\" data-end=\"1324\">Batterie:<\/strong> 2 \u00d7 CR2016 Lithium<\/p>\n<\/li>\n<li data-start=\"1345\" data-end=\"1371\">\n<p data-start=\"1347\" data-end=\"1371\"><strong data-start=\"1347\" data-end=\"1365\">Betriebsspannung:<\/strong> 3 V<\/p>\n<\/li>\n<li data-start=\"1372\" data-end=\"1417\">\n<p data-start=\"1374\" data-end=\"1417\"><strong data-start=\"1374\" data-end=\"1383\">Malen:<\/strong> Grau (auch in verschiedenen Farben erh\u00e4ltlich)<\/p>\n<\/li>\n<li data-start=\"1418\" data-end=\"1476\">\n<p data-start=\"1420\" data-end=\"1476\"><strong data-start=\"1420\" data-end=\"1429\">Messen:<\/strong> Kompaktes Design \u2013 leicht am Schl\u00fcsselbund zu tragen<\/p>\n<\/li>\n<li data-start=\"1477\" data-end=\"1544\">\n<p data-start=\"1479\" data-end=\"1544\"><strong data-start=\"1479\" data-end=\"1498\">Kompatibilit\u00e4t:<\/strong> Passend f\u00fcr alle CDVI-Empf\u00e4nger der 433-MHz-Serie<\/p>\n<\/li>\n<\/ul>\n<hr data-start=\"1546\" data-end=\"1549\" \/>\n<h3 data-start=\"1551\" data-end=\"1581\">Funktion und Verwendung<\/h3>\n<p data-start=\"1582\" data-end=\"1819\">Jedem Sender wird eine eindeutige Seriennummer zugewiesen und er synchronisiert sich automatisch mit dem Empf\u00e4nger.<br data-start=\"1673\" data-end=\"1676\" \/>Das System speichert IDs und Verschl\u00fcsselungsschl\u00fcssel im EEPROM-Speicher und erm\u00f6glicht so mehrere Sender pro Empf\u00e4nger \u2013 perfekt f\u00fcr <strong data-start=\"1794\" data-end=\"1816\">Mehrbenutzersystem<\/strong>.<\/p>\n<p data-start=\"1821\" data-end=\"1861\">Der Sender kann zur Steuerung folgender Funktionen verwendet werden:<\/p>\n<ul data-start=\"1862\" data-end=\"2007\">\n<li data-start=\"1862\" data-end=\"1890\">\n<p data-start=\"1864\" data-end=\"1890\">Tore und Garagentore<\/p>\n<\/li>\n<li data-start=\"1891\" data-end=\"1923\">\n<p data-start=\"1893\" data-end=\"1923\">Automatische T\u00fcren und Rolll\u00e4den<\/p>\n<\/li>\n<li data-start=\"1924\" data-end=\"1956\">\n<p data-start=\"1926\" data-end=\"1956\">Alarm- und Lichtsteuerung<\/p>\n<\/li>\n<li data-start=\"1957\" data-end=\"2007\">\n<p data-start=\"1959\" data-end=\"2007\">Sicherheitsfunktionen in Industrie und Immobilien<\/p>\n<\/li>\n<\/ul>\n<hr data-start=\"2009\" data-end=\"2012\" \/>\n<h3 data-start=\"2014\" data-end=\"2029\">Vorteile<\/h3>\n<ul data-start=\"2030\" data-end=\"2237\">\n<li data-start=\"2030\" data-end=\"2069\">\n<p data-start=\"2032\" data-end=\"2069\">H\u00f6chste Sicherheit dank KeeLoq\u00ae-Verschl\u00fcsselung<\/p>\n<\/li>\n<li data-start=\"2070\" data-end=\"2109\">\n<p data-start=\"2072\" data-end=\"2109\">Kompatibel mit der gesamten CDVI 433-Serie<\/p>\n<\/li>\n<li data-start=\"2110\" data-end=\"2141\">\n<p data-start=\"2112\" data-end=\"2141\">Reichweite bis zu 200 Meter<\/p>\n<\/li>\n<li data-start=\"2142\" data-end=\"2196\">\n<p data-start=\"2144\" data-end=\"2196\">Kleines und robustes Design \u2013 perfekt f\u00fcr Ihren Schl\u00fcsselbund<\/p>\n<\/li>\n<li data-start=\"2197\" data-end=\"2237\">\n<p data-start=\"2199\" data-end=\"2237\">Einfache Installation und Programmierung<\/p>\n<\/li>\n<\/ul>\n<hr data-start=\"2239\" data-end=\"2242\" \/>\n<h3 data-start=\"2244\" data-end=\"2259\">Inhalt<\/h3>\n<ul data-start=\"2260\" data-end=\"2359\">\n<li data-start=\"2260\" data-end=\"2294\">\n<p data-start=\"2262\" data-end=\"2294\">1 \u00d7 Funksender SETR2641AM2.N<\/p>\n<\/li>\n<li data-start=\"2295\" data-end=\"2340\">\n<p data-start=\"2297\" data-end=\"2340\">2 \u00d7 CR2016 Lithiumbatterien (vorinstalliert)<\/p>\n<\/li>\n<li data-start=\"2341\" data-end=\"2359\">\n<p data-start=\"2343\" data-end=\"2359\">Gebrauchsanweisung<\/p>\n<\/li>\n<\/ul>","protected":false},"excerpt":{"rendered":"<p>Kompakt <strong data-start=\"282\" data-end=\"303\">CDVI-Funksender<\/strong> mit <strong data-start=\"308\" data-end=\"323\">zwei Kn\u00f6pfe<\/strong> und bis zu <strong data-start=\"337\" data-end=\"355\">200 m Reichweite<\/strong>.<br data-start=\"356\" data-end=\"359\" \/>Verwendung <strong data-start=\"368\" data-end=\"392\">KeeLoq\u00ae H\u00fcpfcode<\/strong> f\u00fcr hohe Sicherheit.<br data-start=\"410\" data-end=\"413\" \/>Kompatibel mit allen <strong data-start=\"433\" data-end=\"462\">CDVI 433,92 MHz Empf\u00e4nger<\/strong> \u2013 ideal zur Kontrolle <strong data-start=\"490\" data-end=\"529\">Tore, T\u00fcren, Beleuchtung und Alarmanlagen<\/strong>.<\/p>","protected":false},"featured_media":143924,"template":"","meta":{"_acf_changed":false},"product_brand":[],"product_cat":[1616],"product_tag":[2273],"class_list":{"0":"post-53476","1":"product","2":"type-product","3":"status-publish","4":"has-post-thumbnail","6":"product_cat-radiosandare-mottagare","7":"product_tag-radio-sandare-erone","8":"product_shipping_class-postnord-varubrev","9":"pa_brands-cdvi","10":"tm-has-options","12":"first","13":"instock","14":"taxable","15":"shipping-taxable","16":"purchasable","17":"product-type-simple"},"acf":[],"_links":{"self":[{"href":"https:\/\/secureus.se\/de\/wp-json\/wp\/v2\/product\/53476","targetHints":{"allow":["GET"]}}],"collection":[{"href":"https:\/\/secureus.se\/de\/wp-json\/wp\/v2\/product"}],"about":[{"href":"https:\/\/secureus.se\/de\/wp-json\/wp\/v2\/types\/product"}],"wp:featuredmedia":[{"embeddable":true,"href":"https:\/\/secureus.se\/de\/wp-json\/wp\/v2\/media\/143924"}],"wp:attachment":[{"href":"https:\/\/secureus.se\/de\/wp-json\/wp\/v2\/media?parent=53476"}],"wp:term":[{"taxonomy":"product_brand","embeddable":true,"href":"https:\/\/secureus.se\/de\/wp-json\/wp\/v2\/product_brand?post=53476"},{"taxonomy":"product_cat","embeddable":true,"href":"https:\/\/secureus.se\/de\/wp-json\/wp\/v2\/product_cat?post=53476"},{"taxonomy":"product_tag","embeddable":true,"href":"https:\/\/secureus.se\/de\/wp-json\/wp\/v2\/product_tag?post=53476"}],"curies":[{"name":"wp","href":"https:\/\/api.w.org\/{rel}","templated":true}]}}