{"id":53495,"date":"2022-06-22T11:35:09","date_gmt":"2022-06-22T09:35:09","guid":{"rendered":"https:\/\/secureus.se\/produkt\/digitag-mottagare-dtrr1434r\/"},"modified":"2026-04-23T11:59:00","modified_gmt":"2026-04-23T09:59:00","slug":"digitag-mottagare-dtrr1434r","status":"publish","type":"product","link":"https:\/\/secureus.se\/de\/digitag-mottagare-dtrr1434r\/","title":{"rendered":"Digitag-Empf\u00e4nger Dtrr1434R"},"content":{"rendered":"<p>Beim kontaktlosen Empf\u00e4nger DigiTag handelt es sich um eine Reihe sogenannter aktiver Prox-Tags oder Long-Distance-Tags f\u00fcr den wirklich kontaktlosen Durchgang. DigiTag eignet sich ideal f\u00fcr Krankenh\u00e4user, Parkh\u00e4user, Lagerhallen\/Lagerhallen und andere Einrichtungen, die einen kontaktlosen Durchgang durch gesch\u00fctzte R\u00e4ume erfordern. Die Reichweite des Senders kann von 1 bis 15 Metern eingestellt werden. Das Signal zwischen Sender und Empf\u00e4nger ist mit Kelloq\u00ae \u201eRolling Code\u201c verschl\u00fcsselt, was das Kopieren sehr erschwert. CE-gepr\u00fcft und R&amp;TTE-zertifiziert. Der Empf\u00e4nger ist im Standalone-Design ausgef\u00fchrt und verf\u00fcgt \u00fcber einen internen Speicher f\u00fcr bis zu 30 Empf\u00e4nger und einen Relaisausgang.<\/p>","protected":false},"excerpt":{"rendered":"<p>Beim kontaktlosen Empf\u00e4nger DigiTag handelt es sich um eine Reihe sogenannter aktiver Prox-Tags oder Long-Distance-Tags f\u00fcr den wirklich kontaktlosen Durchgang. DigiTag ist ideal f\u00fcr Krankenh\u00e4user, Parkh\u00e4user, Lagerh\u00e4user und andere Einrichtungen, die es ben\u00f6tigen<\/p>","protected":false},"featured_media":143827,"template":"","meta":{"_acf_changed":false},"product_brand":[],"product_cat":[1616],"product_tag":[],"class_list":{"0":"post-53495","1":"product","2":"type-product","3":"status-publish","4":"has-post-thumbnail","6":"product_cat-radiosandare-mottagare","7":"product_shipping_class-tunga-paket","8":"tm-no-options","10":"first","11":"outofstock","12":"sale","13":"taxable","14":"shipping-taxable","15":"purchasable","16":"product-type-simple"},"acf":[],"_links":{"self":[{"href":"https:\/\/secureus.se\/de\/wp-json\/wp\/v2\/product\/53495","targetHints":{"allow":["GET"]}}],"collection":[{"href":"https:\/\/secureus.se\/de\/wp-json\/wp\/v2\/product"}],"about":[{"href":"https:\/\/secureus.se\/de\/wp-json\/wp\/v2\/types\/product"}],"wp:featuredmedia":[{"embeddable":true,"href":"https:\/\/secureus.se\/de\/wp-json\/wp\/v2\/media\/143827"}],"wp:attachment":[{"href":"https:\/\/secureus.se\/de\/wp-json\/wp\/v2\/media?parent=53495"}],"wp:term":[{"taxonomy":"product_brand","embeddable":true,"href":"https:\/\/secureus.se\/de\/wp-json\/wp\/v2\/product_brand?post=53495"},{"taxonomy":"product_cat","embeddable":true,"href":"https:\/\/secureus.se\/de\/wp-json\/wp\/v2\/product_cat?post=53495"},{"taxonomy":"product_tag","embeddable":true,"href":"https:\/\/secureus.se\/de\/wp-json\/wp\/v2\/product_tag?post=53495"}],"curies":[{"name":"wp","href":"https:\/\/api.w.org\/{rel}","templated":true}]}}