{"id":53497,"date":"2022-06-22T11:34:33","date_gmt":"2022-06-22T09:34:33","guid":{"rendered":"https:\/\/secureus.se\/produkt\/digitag-sandare-dtxt5434mp\/"},"modified":"2026-04-08T16:49:39","modified_gmt":"2026-04-08T14:49:39","slug":"digitag-sandare-dtxt5434mp","status":"publish","type":"product","link":"https:\/\/secureus.se\/de\/digitag-sandare-dtxt5434mp\/","title":{"rendered":"Digitag-Sender Dtxt5434Mp"},"content":{"rendered":"<p>Bei den kontaktlosen DigiTag LR-Sendern handelt es sich um eine einzigartige Serie sogenannter aktiver Prox-Tags oder Ferntags-Tags f\u00fcr wirklich kontaktlosen Durchgang. Der Sender verf\u00fcgt \u00fcber einen eingebauten Bewegungssensor, was bedeutet, dass der Sender im Stillstand in den Schlafmodus wechselt und sendet keine Signale mehr, um die Batterielebensdauer zu verl\u00e4ngern. Passt gut in Krankenh\u00e4user, in Parkh\u00e4usern, Lagerhallen\/Gesch\u00e4ften und anderen Einrichtungen, die eine ber\u00fchrungslose Passage durch gesch\u00fctzte R\u00e4ume ben\u00f6tigen. Das Signal zwischen Sender und Empf\u00e4nger ist mit Kelloq\u00ae \u201eRolling Code\u201c verschl\u00fcsselt, was das Kopieren sehr erschwert. Die Karte verf\u00fcgt au\u00dferdem \u00fcber einen integrierten 125-kHz-EM-Chip. CE-gepr\u00fcft und R&amp;TTE-zertifiziert. Stromverbrauch: 4mA beim Senden. Frequenz: 433,92 MHz AM.<\/p>","protected":false},"excerpt":{"rendered":"<p>Der kontaktlose DigiTag LR-Sender ist eine einzigartige Serie sogenannter aktiver Prox-Tags oder Ferntags-Tags f\u00fcr wirklich kontaktlosen Durchgang. Der Sender verf\u00fcgt \u00fcber einen eingebauten Bewegungssensor, was bedeutet, dass der Sender aktiviert ist<\/p>","protected":false},"featured_media":144271,"template":"","meta":{"_acf_changed":false},"product_brand":[],"product_cat":[1616],"product_tag":[2277],"class_list":{"0":"post-53497","1":"product","2":"type-product","3":"status-publish","4":"has-post-thumbnail","6":"product_cat-radiosandare-mottagare","7":"product_tag-radio-sandare-digitag","8":"product_shipping_class-tunga-paket","9":"tm-no-options","11":"first","12":"outofstock","13":"sale","14":"taxable","15":"shipping-taxable","16":"purchasable","17":"product-type-simple"},"acf":[],"_links":{"self":[{"href":"https:\/\/secureus.se\/de\/wp-json\/wp\/v2\/product\/53497","targetHints":{"allow":["GET"]}}],"collection":[{"href":"https:\/\/secureus.se\/de\/wp-json\/wp\/v2\/product"}],"about":[{"href":"https:\/\/secureus.se\/de\/wp-json\/wp\/v2\/types\/product"}],"wp:featuredmedia":[{"embeddable":true,"href":"https:\/\/secureus.se\/de\/wp-json\/wp\/v2\/media\/144271"}],"wp:attachment":[{"href":"https:\/\/secureus.se\/de\/wp-json\/wp\/v2\/media?parent=53497"}],"wp:term":[{"taxonomy":"product_brand","embeddable":true,"href":"https:\/\/secureus.se\/de\/wp-json\/wp\/v2\/product_brand?post=53497"},{"taxonomy":"product_cat","embeddable":true,"href":"https:\/\/secureus.se\/de\/wp-json\/wp\/v2\/product_cat?post=53497"},{"taxonomy":"product_tag","embeddable":true,"href":"https:\/\/secureus.se\/de\/wp-json\/wp\/v2\/product_tag?post=53497"}],"curies":[{"name":"wp","href":"https:\/\/api.w.org\/{rel}","templated":true}]}}