{"id":53503,"date":"2022-06-22T11:29:54","date_gmt":"2022-06-22T09:29:54","guid":{"rendered":"https:\/\/secureus.se\/produkt\/radiomottagare-sel2641r433-nn\/"},"modified":"2026-04-08T16:47:41","modified_gmt":"2026-04-08T14:47:41","slug":"radiomottagare-sel2641r433-nn","status":"publish","type":"product","link":"https:\/\/secureus.se\/de\/radiomottagare-sel2641r433-nn\/","title":{"rendered":"Funkempf\u00e4nger Sel2641R433-Nn"},"content":{"rendered":"<p>Drahtloser Funkempf\u00e4nger mit Platz f\u00fcr 85 Sender. Hervorragend geeignet f\u00fcr die Steuerung von automatischen T\u00fcren, Toren, Aufz\u00fcgen, Schl\u00f6ssern usw. Ein Relaisausgang, der als Impuls- oder Zeitsteuerung von 1 bis 30 Sekunden programmiert werden kann. Der Funkempf\u00e4nger ist sehr klein, was den Einbau in die meisten Ger\u00e4te erleichtert. Versorgungsspannung 12\/24Vac-dc. Verschl\u00fcsselung: KeeLoq\u00ae Rolling Code. Frequenz: 433,92 MHz.<\/p>","protected":false},"excerpt":{"rendered":"<p>Drahtloser Funkempf\u00e4nger mit Platz f\u00fcr 85 Sender. Hervorragend geeignet f\u00fcr die Steuerung von automatischen T\u00fcren, Toren, Aufz\u00fcgen, Schl\u00f6ssern usw. Ein Relaisausgang, der als Impuls- oder Zeitsteuerung von 1 bis 30 Sekunden programmierbar ist. Der Funkempf\u00e4nger ist sehr klein, was macht<\/p>","protected":false},"featured_media":143612,"template":"","meta":{"_acf_changed":false},"product_brand":[],"product_cat":[1616],"product_tag":[2272],"class_list":{"0":"post-53503","1":"product","2":"type-product","3":"status-publish","4":"has-post-thumbnail","6":"product_cat-radiosandare-mottagare","7":"product_tag-radio-mottagare-erone","8":"product_shipping_class-tunga-paket","9":"tm-no-options","11":"first","12":"instock","13":"sale","14":"taxable","15":"shipping-taxable","16":"purchasable","17":"product-type-simple"},"acf":[],"_links":{"self":[{"href":"https:\/\/secureus.se\/de\/wp-json\/wp\/v2\/product\/53503","targetHints":{"allow":["GET"]}}],"collection":[{"href":"https:\/\/secureus.se\/de\/wp-json\/wp\/v2\/product"}],"about":[{"href":"https:\/\/secureus.se\/de\/wp-json\/wp\/v2\/types\/product"}],"wp:featuredmedia":[{"embeddable":true,"href":"https:\/\/secureus.se\/de\/wp-json\/wp\/v2\/media\/143612"}],"wp:attachment":[{"href":"https:\/\/secureus.se\/de\/wp-json\/wp\/v2\/media?parent=53503"}],"wp:term":[{"taxonomy":"product_brand","embeddable":true,"href":"https:\/\/secureus.se\/de\/wp-json\/wp\/v2\/product_brand?post=53503"},{"taxonomy":"product_cat","embeddable":true,"href":"https:\/\/secureus.se\/de\/wp-json\/wp\/v2\/product_cat?post=53503"},{"taxonomy":"product_tag","embeddable":true,"href":"https:\/\/secureus.se\/de\/wp-json\/wp\/v2\/product_tag?post=53503"}],"curies":[{"name":"wp","href":"https:\/\/api.w.org\/{rel}","templated":true}]}}