{"id":53504,"date":"2022-06-22T11:29:39","date_gmt":"2022-06-22T09:29:39","guid":{"rendered":"https:\/\/secureus.se\/produkt\/radiomottagare-sel2641r433-bd4\/"},"modified":"2026-04-23T12:00:03","modified_gmt":"2026-04-23T10:00:03","slug":"radiomottagare-sel2641r433-bd4","status":"publish","type":"product","link":"https:\/\/secureus.se\/de\/radiomottagare-sel2641r433-bd4\/","title":{"rendered":"Funkempf\u00e4nger Sel2641R433-Bd4"},"content":{"rendered":"<p>Drahtloser Funkempf\u00e4nger mit Platz f\u00fcr 85 Sender. Hervorragend geeignet f\u00fcr die Steuerung von Toren, Toren, Beleuchtung, Alarmen usw. Vier Relaisausg\u00e4nge, programmierbar als Impuls oder Wechsel. Der Funkempf\u00e4nger ist f\u00fcr die DIN-Schienenmontage vorgesehen und verf\u00fcgt \u00fcber Eing\u00e4nge f\u00fcr externe Taster. Es besteht die M\u00f6glichkeit, die Reichweite durch eine externe Antenne (SEA433) zu erh\u00f6hen. Verschl\u00fcsselung: KeeLoq\u00ae Rolling Code. Frequenz: 433,92 MHz.<\/p>","protected":false},"excerpt":{"rendered":"<p>Drahtloser Funkempf\u00e4nger mit Platz f\u00fcr 85 Sender. Hervorragend geeignet f\u00fcr die Steuerung von Toren, Toren, Beleuchtung, Alarmen usw. Vier Relaisausg\u00e4nge, programmierbar als Impuls oder Wechsel. Der Funkempf\u00e4nger ist f\u00fcr die DIN-Schienenmontage geeignet<\/p>","protected":false},"featured_media":144284,"template":"","meta":{"_acf_changed":false},"product_brand":[],"product_cat":[1616],"product_tag":[2272],"class_list":{"0":"post-53504","1":"product","2":"type-product","3":"status-publish","4":"has-post-thumbnail","6":"product_cat-radiosandare-mottagare","7":"product_tag-radio-mottagare-erone","8":"product_shipping_class-tunga-paket","9":"tm-no-options","11":"first","12":"outofstock","13":"sale","14":"taxable","15":"shipping-taxable","16":"purchasable","17":"product-type-simple"},"acf":[],"_links":{"self":[{"href":"https:\/\/secureus.se\/de\/wp-json\/wp\/v2\/product\/53504","targetHints":{"allow":["GET"]}}],"collection":[{"href":"https:\/\/secureus.se\/de\/wp-json\/wp\/v2\/product"}],"about":[{"href":"https:\/\/secureus.se\/de\/wp-json\/wp\/v2\/types\/product"}],"wp:featuredmedia":[{"embeddable":true,"href":"https:\/\/secureus.se\/de\/wp-json\/wp\/v2\/media\/144284"}],"wp:attachment":[{"href":"https:\/\/secureus.se\/de\/wp-json\/wp\/v2\/media?parent=53504"}],"wp:term":[{"taxonomy":"product_brand","embeddable":true,"href":"https:\/\/secureus.se\/de\/wp-json\/wp\/v2\/product_brand?post=53504"},{"taxonomy":"product_cat","embeddable":true,"href":"https:\/\/secureus.se\/de\/wp-json\/wp\/v2\/product_cat?post=53504"},{"taxonomy":"product_tag","embeddable":true,"href":"https:\/\/secureus.se\/de\/wp-json\/wp\/v2\/product_tag?post=53504"}],"curies":[{"name":"wp","href":"https:\/\/api.w.org\/{rel}","templated":true}]}}