{"id":53510,"date":"2022-06-22T11:28:04","date_gmt":"2022-06-22T09:28:04","guid":{"rendered":"https:\/\/secureus.se\/produkt\/radiomottagare-sel2641r433-xpl-4\/"},"modified":"2026-04-08T16:56:36","modified_gmt":"2026-04-08T14:56:36","slug":"radiomottagare-sel2641r433-xpl-4","status":"publish","type":"product","link":"https:\/\/secureus.se\/de\/radiomottagare-sel2641r433-xpl-4\/","title":{"rendered":"Funkempf\u00e4nger Sel2641R433-Xpl"},"content":{"rendered":"<p>Drahtloser Funkempf\u00e4nger mit 230V-Spannungsversorgung und Platz f\u00fcr 500 Sender. Hervorragend geeignet f\u00fcr die Steuerung von Toren, Toren, Beleuchtung, Alarmen usw. Ein 3,5-kW-Relaisausgang, programmierbar als Impuls-, Wechsel-, zeitgesteuerte oder Ein\/Aus-Funktion. Zur einfachen Programmierung verf\u00fcgt der Funkempf\u00e4nger \u00fcber ein beleuchtetes LCD-Display. Es besteht die M\u00f6glichkeit, Sender in der Reihenfolge ihrer Seriennummern stapelweise zu laden und im Speicher zu sichern (MXPL) sowie die M\u00f6glichkeit, die Reichweite mit Hilfe einer externen Antenne (SEA433) zu erh\u00f6hen. Verschl\u00fcsselung: KeeLoq\u00ae Rolling Code. Frequenz: 433,92 MHz.<\/p>","protected":false},"excerpt":{"rendered":"<p>Drahtloser Funkempf\u00e4nger mit 230V-Spannungsversorgung und Platz f\u00fcr 500 Sender. Hervorragend geeignet f\u00fcr die Steuerung von Toren, Toren, Beleuchtung, Alarmen usw. Ein 3,5-kW-Relaisausgang, programmierbar als Impuls-, Wechsel-, zeitgesteuerte oder Ein\/Aus-Funktion.<\/p>","protected":false},"featured_media":143864,"template":"","meta":{"_acf_changed":false},"product_brand":[],"product_cat":[1616],"product_tag":[2272],"class_list":{"0":"post-53510","1":"product","2":"type-product","3":"status-publish","4":"has-post-thumbnail","6":"product_cat-radiosandare-mottagare","7":"product_tag-radio-mottagare-erone","8":"product_shipping_class-tunga-paket","9":"tm-no-options","11":"first","12":"outofstock","13":"sale","14":"taxable","15":"shipping-taxable","16":"purchasable","17":"product-type-simple"},"acf":[],"_links":{"self":[{"href":"https:\/\/secureus.se\/de\/wp-json\/wp\/v2\/product\/53510","targetHints":{"allow":["GET"]}}],"collection":[{"href":"https:\/\/secureus.se\/de\/wp-json\/wp\/v2\/product"}],"about":[{"href":"https:\/\/secureus.se\/de\/wp-json\/wp\/v2\/types\/product"}],"wp:featuredmedia":[{"embeddable":true,"href":"https:\/\/secureus.se\/de\/wp-json\/wp\/v2\/media\/143864"}],"wp:attachment":[{"href":"https:\/\/secureus.se\/de\/wp-json\/wp\/v2\/media?parent=53510"}],"wp:term":[{"taxonomy":"product_brand","embeddable":true,"href":"https:\/\/secureus.se\/de\/wp-json\/wp\/v2\/product_brand?post=53510"},{"taxonomy":"product_cat","embeddable":true,"href":"https:\/\/secureus.se\/de\/wp-json\/wp\/v2\/product_cat?post=53510"},{"taxonomy":"product_tag","embeddable":true,"href":"https:\/\/secureus.se\/de\/wp-json\/wp\/v2\/product_tag?post=53510"}],"curies":[{"name":"wp","href":"https:\/\/api.w.org\/{rel}","templated":true}]}}