{"id":53517,"date":"2022-06-22T11:24:02","date_gmt":"2022-06-22T09:24:02","guid":{"rendered":"https:\/\/secureus.se\/produkt\/radiosandare-tths2641e1n\/"},"modified":"2026-04-08T17:02:24","modified_gmt":"2026-04-08T15:02:24","slug":"radiosandare-tths2641e1n","status":"publish","type":"product","link":"https:\/\/secureus.se\/de\/radiosandare-tths2641e1n\/","title":{"rendered":"Funksender Tths2641E1N"},"content":{"rendered":"<p>Als wandmontierter Funksender mit einem Kanal ist der Funksender in einer gekapselten Dose montiert und wird v\u00f6llig ber\u00fchrungslos aus einer Entfernung von bis zu 4 cm aktiviert. Der Funksender eignet sich perfekt f\u00fcr die Steuerung von Toren, automatischen T\u00fcrantrieben und Toren und eignet sich sowohl f\u00fcr den privaten Einsatz im Privatbereich als auch im industriellen Umfeld. Der Funksender verf\u00fcgt \u00fcber eine LED und einen Summer, der anzeigt, dass er ein Funksignal sendet, sowie einen Hinweis, dass die Batterie gewechselt werden muss, dann leuchtet der Funksender bei Aktivierung rot statt gr\u00fcn. Die Kommunikation des Funksenders ist mit Keeloq\u00ae Rolling Code verschl\u00fcsselt und verf\u00fcgt \u00fcber 264 Codekombinationen, was ihm ein sehr hohes Ma\u00df an Sicherheit verleiht.<\/p>","protected":false},"excerpt":{"rendered":"<p>Als wandmontierter Funksender mit einem Kanal ist der Funksender in einer gekapselten Dose montiert und wird bei einem Abstand von bis zu 4 cm v\u00f6llig ber\u00fchrungslos aktiviert. Perfekt f\u00fcr die Steuerung von Toren und automatischen T\u00fcrantrieben<\/p>","protected":false},"featured_media":143891,"template":"","meta":{"_acf_changed":false},"product_brand":[],"product_cat":[1616],"product_tag":[2273],"class_list":{"0":"post-53517","1":"product","2":"type-product","3":"status-publish","4":"has-post-thumbnail","6":"product_cat-radiosandare-mottagare","7":"product_tag-radio-sandare-erone","8":"product_shipping_class-postnord-varubrev","9":"pa_brands-cdvi","10":"tm-no-options","12":"first","13":"outofstock","14":"sale","15":"taxable","16":"shipping-taxable","17":"purchasable","18":"product-type-simple"},"acf":[],"_links":{"self":[{"href":"https:\/\/secureus.se\/de\/wp-json\/wp\/v2\/product\/53517","targetHints":{"allow":["GET"]}}],"collection":[{"href":"https:\/\/secureus.se\/de\/wp-json\/wp\/v2\/product"}],"about":[{"href":"https:\/\/secureus.se\/de\/wp-json\/wp\/v2\/types\/product"}],"wp:featuredmedia":[{"embeddable":true,"href":"https:\/\/secureus.se\/de\/wp-json\/wp\/v2\/media\/143891"}],"wp:attachment":[{"href":"https:\/\/secureus.se\/de\/wp-json\/wp\/v2\/media?parent=53517"}],"wp:term":[{"taxonomy":"product_brand","embeddable":true,"href":"https:\/\/secureus.se\/de\/wp-json\/wp\/v2\/product_brand?post=53517"},{"taxonomy":"product_cat","embeddable":true,"href":"https:\/\/secureus.se\/de\/wp-json\/wp\/v2\/product_cat?post=53517"},{"taxonomy":"product_tag","embeddable":true,"href":"https:\/\/secureus.se\/de\/wp-json\/wp\/v2\/product_tag?post=53517"}],"curies":[{"name":"wp","href":"https:\/\/api.w.org\/{rel}","templated":true}]}}