{"id":53522,"date":"2022-06-22T11:21:58","date_gmt":"2022-06-22T09:21:58","guid":{"rendered":"https:\/\/secureus.se\/produkt\/radiosandare-tth2641e1n\/"},"modified":"2026-03-26T12:17:05","modified_gmt":"2026-03-26T11:17:05","slug":"radiosandare-tth2641e1n","status":"publish","type":"product","link":"https:\/\/secureus.se\/de\/radiosandare-tth2641e1n\/","title":{"rendered":"Funksender Tth2641E1N"},"content":{"rendered":"<p>Wandmontierter Funksender im stilvollen Design mit einem Kanal und Touch-Funktion, kann im Au\u00dfenbereich montiert werden (IP55) und verf\u00fcgt \u00fcber eine gro\u00dfe Reichweite. Passend f\u00fcr alle CDVI-Funkempf\u00e4nger, die auf der gleichen Frequenz (433,92 MHz) arbeiten. Hervorragend geeignet zur Steuerung von T\u00fcrantrieben, Beleuchtung, Alarmen usw. Auch in Wei\u00df erh\u00e4ltlich.<\/p>","protected":false},"excerpt":{"rendered":"<p>Wandmontierter Funksender im stilvollen Design mit einem Kanal und Touch-Funktion, kann im Au\u00dfenbereich montiert werden (IP55) und verf\u00fcgt \u00fcber eine gro\u00dfe Reichweite. Passend f\u00fcr alle CDVI-Funkempf\u00e4nger, die auf der gleichen Frequenz (433,92 MHz) arbeiten.<\/p>","protected":false},"featured_media":143918,"template":"","meta":{"_acf_changed":false},"product_brand":[],"product_cat":[1616],"product_tag":[2273],"class_list":{"0":"post-53522","1":"product","2":"type-product","3":"status-publish","4":"has-post-thumbnail","6":"product_cat-radiosandare-mottagare","7":"product_tag-radio-sandare-erone","8":"product_shipping_class-postnord-varubrev","9":"pa_brands-cdvi","10":"tm-no-options","12":"first","13":"outofstock","14":"sale","15":"taxable","16":"shipping-taxable","17":"purchasable","18":"product-type-simple"},"acf":[],"_links":{"self":[{"href":"https:\/\/secureus.se\/de\/wp-json\/wp\/v2\/product\/53522","targetHints":{"allow":["GET"]}}],"collection":[{"href":"https:\/\/secureus.se\/de\/wp-json\/wp\/v2\/product"}],"about":[{"href":"https:\/\/secureus.se\/de\/wp-json\/wp\/v2\/types\/product"}],"wp:featuredmedia":[{"embeddable":true,"href":"https:\/\/secureus.se\/de\/wp-json\/wp\/v2\/media\/143918"}],"wp:attachment":[{"href":"https:\/\/secureus.se\/de\/wp-json\/wp\/v2\/media?parent=53522"}],"wp:term":[{"taxonomy":"product_brand","embeddable":true,"href":"https:\/\/secureus.se\/de\/wp-json\/wp\/v2\/product_brand?post=53522"},{"taxonomy":"product_cat","embeddable":true,"href":"https:\/\/secureus.se\/de\/wp-json\/wp\/v2\/product_cat?post=53522"},{"taxonomy":"product_tag","embeddable":true,"href":"https:\/\/secureus.se\/de\/wp-json\/wp\/v2\/product_tag?post=53522"}],"curies":[{"name":"wp","href":"https:\/\/api.w.org\/{rel}","templated":true}]}}