{"id":53523,"date":"2022-06-22T11:21:40","date_gmt":"2022-06-22T09:21:40","guid":{"rendered":"https:\/\/secureus.se\/produkt\/radiosandare-fkths2641e1\/"},"modified":"2026-04-08T16:51:23","modified_gmt":"2026-04-08T14:51:23","slug":"radiosandare-fkths2641e1","status":"publish","type":"product","link":"https:\/\/secureus.se\/de\/radiosandare-fkths2641e1\/","title":{"rendered":"Funksender Fkths2641E1"},"content":{"rendered":"<p>Wandmontierter Funksender mit einem Kanal und No-Touch-Funktion, ber\u00fchrungslos aktiviert mit einem einstellbaren \u201eLeseabstand\u201c von 1-18cm, kann im Freien montiert werden (IP55) und verf\u00fcgt \u00fcber eine gro\u00dfe Reichweite. Passend f\u00fcr alle CDVI-Funkempf\u00e4nger, die auf der gleichen Frequenz (433,92 MHz) arbeiten. Hervorragend geeignet zur Steuerung von automatischen T\u00fcrantrieben, Beleuchtung, Alarmen usw.<\/p>","protected":false},"excerpt":{"rendered":"<p>Wandmontierter Funksender mit einem Kanal und No-Touch-Funktion, ber\u00fchrungslos aktiviert mit einem einstellbaren \u201eLeseabstand\u201c von 1-18cm, kann im Freien montiert werden (IP55) und verf\u00fcgt \u00fcber eine gro\u00dfe Reichweite. Passend f\u00fcr alle CDVI-Radioempf\u00e4nger wie z<\/p>","protected":false},"featured_media":143531,"template":"","meta":{"_acf_changed":false},"product_brand":[],"product_cat":[1616],"product_tag":[2273],"class_list":{"0":"post-53523","1":"product","2":"type-product","3":"status-publish","4":"has-post-thumbnail","6":"product_cat-radiosandare-mottagare","7":"product_tag-radio-sandare-erone","8":"product_shipping_class-postnord-varubrev","9":"pa_brands-cdvi","10":"tm-no-options","12":"first","13":"outofstock","14":"sale","15":"taxable","16":"shipping-taxable","17":"purchasable","18":"product-type-simple"},"acf":[],"_links":{"self":[{"href":"https:\/\/secureus.se\/de\/wp-json\/wp\/v2\/product\/53523","targetHints":{"allow":["GET"]}}],"collection":[{"href":"https:\/\/secureus.se\/de\/wp-json\/wp\/v2\/product"}],"about":[{"href":"https:\/\/secureus.se\/de\/wp-json\/wp\/v2\/types\/product"}],"wp:featuredmedia":[{"embeddable":true,"href":"https:\/\/secureus.se\/de\/wp-json\/wp\/v2\/media\/143531"}],"wp:attachment":[{"href":"https:\/\/secureus.se\/de\/wp-json\/wp\/v2\/media?parent=53523"}],"wp:term":[{"taxonomy":"product_brand","embeddable":true,"href":"https:\/\/secureus.se\/de\/wp-json\/wp\/v2\/product_brand?post=53523"},{"taxonomy":"product_cat","embeddable":true,"href":"https:\/\/secureus.se\/de\/wp-json\/wp\/v2\/product_cat?post=53523"},{"taxonomy":"product_tag","embeddable":true,"href":"https:\/\/secureus.se\/de\/wp-json\/wp\/v2\/product_tag?post=53523"}],"curies":[{"name":"wp","href":"https:\/\/api.w.org\/{rel}","templated":true}]}}