{"id":53525,"date":"2022-06-22T11:20:26","date_gmt":"2022-06-22T09:20:26","guid":{"rendered":"https:\/\/secureus.se\/produkt\/radiosandare-tmf2641e1\/"},"modified":"2026-03-26T12:21:28","modified_gmt":"2026-03-26T11:21:28","slug":"radiosandare-tmf2641e1","status":"publish","type":"product","link":"https:\/\/secureus.se\/de\/radiosandare-tmf2641e1\/","title":{"rendered":"Funksender Tmf2641E1"},"content":{"rendered":"<p>Sehr kleiner und flexibler Funksender zum Einbau, perfekt f\u00fcr den Einbau in Ger\u00e4tedosen. Mit diesem kleinen Funksender wandeln Sie jeden NO-Ausgang in ein Funksignal um. Sie m\u00fcssen keine Kabel verlegen und erhalten gleichzeitig eine zuverl\u00e4ssige und kosteng\u00fcnstige L\u00f6sung. Der Funksender hat eine Reichweite von bis zu 500 Metern und wird von einer 230-VAC-Festspannungsversorgung gespeist. Die Kommunikation des Funksenders ist mit Keeloq\u00ae Rolling Code verschl\u00fcsselt und verf\u00fcgt \u00fcber 264 Codekombinationen, was ihm ein sehr hohes Ma\u00df an Sicherheit verleiht.<\/p>","protected":false},"excerpt":{"rendered":"<p>Sehr kleiner und flexibler Funksender zum Einbau, perfekt f\u00fcr den Einbau in Ger\u00e4tedosen. Mit diesem kleinen Funksender wandeln Sie jeden NO-Ausgang in ein Funksignal um. Du<\/p>","protected":false},"featured_media":143539,"template":"","meta":{"_acf_changed":false},"product_brand":[],"product_cat":[1616],"product_tag":[2273],"class_list":{"0":"post-53525","1":"product","2":"type-product","3":"status-publish","4":"has-post-thumbnail","6":"product_cat-radiosandare-mottagare","7":"product_tag-radio-sandare-erone","8":"product_shipping_class-postnord-varubrev","9":"pa_brands-cdvi","10":"tm-no-options","12":"first","13":"outofstock","14":"sale","15":"taxable","16":"shipping-taxable","17":"purchasable","18":"product-type-simple"},"acf":[],"_links":{"self":[{"href":"https:\/\/secureus.se\/de\/wp-json\/wp\/v2\/product\/53525","targetHints":{"allow":["GET"]}}],"collection":[{"href":"https:\/\/secureus.se\/de\/wp-json\/wp\/v2\/product"}],"about":[{"href":"https:\/\/secureus.se\/de\/wp-json\/wp\/v2\/types\/product"}],"wp:featuredmedia":[{"embeddable":true,"href":"https:\/\/secureus.se\/de\/wp-json\/wp\/v2\/media\/143539"}],"wp:attachment":[{"href":"https:\/\/secureus.se\/de\/wp-json\/wp\/v2\/media?parent=53525"}],"wp:term":[{"taxonomy":"product_brand","embeddable":true,"href":"https:\/\/secureus.se\/de\/wp-json\/wp\/v2\/product_brand?post=53525"},{"taxonomy":"product_cat","embeddable":true,"href":"https:\/\/secureus.se\/de\/wp-json\/wp\/v2\/product_cat?post=53525"},{"taxonomy":"product_tag","embeddable":true,"href":"https:\/\/secureus.se\/de\/wp-json\/wp\/v2\/product_tag?post=53525"}],"curies":[{"name":"wp","href":"https:\/\/api.w.org\/{rel}","templated":true}]}}