{"id":53527,"date":"2022-06-22T11:19:32","date_gmt":"2022-06-22T09:19:32","guid":{"rendered":"https:\/\/secureus.se\/produkt\/radiosandare-setr2641am1-an\/"},"modified":"2026-04-08T16:43:32","modified_gmt":"2026-04-08T14:43:32","slug":"radiosandare-setr2641am1-an","status":"publish","type":"product","link":"https:\/\/secureus.se\/de\/radiosandare-setr2641am1-an\/","title":{"rendered":"Funksender Setr2641Am1.An"},"content":{"rendered":"<p>Kleiner Funksender mit Knopf im ergonomischen Design, unser absolut kleinster Sender, der perfekt zum Tragen z.B. am K\u00f6rper passt. der Schl\u00fcsselbund. Passend f\u00fcr alle CDVI-Funkempf\u00e4nger, die auf der gleichen Frequenz (433,92 MHz) arbeiten. Hervorragend geeignet zur Steuerung von automatischen T\u00fcren, Beleuchtung, Alarmen usw.<\/p>\n<ul class=\"\">\n<li><a class=\"produkt-slide-bild produkt-bild-fil\" href=\"https:\/\/www.cdvi.se\/sites\/cdvise\/files\/manual\/IS-SETR2641AM1_0.pdf\" target=\"_blank\" rel=\"noopener\"><img decoding=\"async\" src=\"https:\/\/secureus.se\/wp-content\/uploads\/2023\/05\/pdf-icon.png\" alt=\"PDF\">\u00a0Technisches Handbuch<\/a><\/li>\n<li><a class=\"produkt-slide-bild produkt-bild-fil\" href=\"https:\/\/workdrive.zohopublic.eu\/external\/492517bd91f7becffff9dbd83ecfe81e397e20ab86aea74a528e10904928bc8a\" target=\"_blank\" rel=\"noopener\"><i class=\"fa fa-file-o\"><\/i>\u00a0Produktdatenblatt<\/a><\/li>\n<li><a class=\"produkt-slide-bild produkt-bild-fil\" href=\"https:\/\/workdrive.zohopublic.eu\/external\/b82c2fde4f794298d6c7c703e237bd82449e322b66df14bb023069794606dfc4\" target=\"_blank\" rel=\"noopener\"><i class=\"fa fa-file-o\"><\/i>\u00a0Gebrauchsanweisung<\/a><\/li>\n<li><a class=\"produkt-slide-bild produkt-bild-fil\" href=\"https:\/\/www.cdvi.se\/vara-produkter\/setr2641am1.an\" target=\"_blank\" rel=\"noopener\"><i class=\"fa fa-file-o\"><\/i>\u00a0Produktseite verlinken<\/a><\/li>\n<\/ul>","protected":false},"excerpt":{"rendered":"<ul class=\"mainfeatureslist\">\n<li>Reichweite bis zu 250 m (820\u2032), Sichtlinie<\/li>\n<li>Starke Konstruktion<\/li>\n<li>Zwei CR2016-Batterien im Lieferumfang enthalten<\/li>\n<\/ul>","protected":false},"featured_media":143692,"template":"","meta":{"_acf_changed":false},"product_brand":[],"product_cat":[1616],"product_tag":[2273],"class_list":{"0":"post-53527","1":"product","2":"type-product","3":"status-publish","4":"has-post-thumbnail","6":"product_cat-radiosandare-mottagare","7":"product_tag-radio-sandare-erone","8":"product_shipping_class-postnord-varubrev","9":"pa_brands-cdvi","10":"tm-no-options","12":"first","13":"outofstock","14":"sale","15":"taxable","16":"shipping-taxable","17":"purchasable","18":"product-type-simple"},"acf":[],"_links":{"self":[{"href":"https:\/\/secureus.se\/de\/wp-json\/wp\/v2\/product\/53527","targetHints":{"allow":["GET"]}}],"collection":[{"href":"https:\/\/secureus.se\/de\/wp-json\/wp\/v2\/product"}],"about":[{"href":"https:\/\/secureus.se\/de\/wp-json\/wp\/v2\/types\/product"}],"wp:featuredmedia":[{"embeddable":true,"href":"https:\/\/secureus.se\/de\/wp-json\/wp\/v2\/media\/143692"}],"wp:attachment":[{"href":"https:\/\/secureus.se\/de\/wp-json\/wp\/v2\/media?parent=53527"}],"wp:term":[{"taxonomy":"product_brand","embeddable":true,"href":"https:\/\/secureus.se\/de\/wp-json\/wp\/v2\/product_brand?post=53527"},{"taxonomy":"product_cat","embeddable":true,"href":"https:\/\/secureus.se\/de\/wp-json\/wp\/v2\/product_cat?post=53527"},{"taxonomy":"product_tag","embeddable":true,"href":"https:\/\/secureus.se\/de\/wp-json\/wp\/v2\/product_tag?post=53527"}],"curies":[{"name":"wp","href":"https:\/\/api.w.org\/{rel}","templated":true}]}}