{"id":53537,"date":"2022-06-21T17:57:40","date_gmt":"2022-06-21T15:57:40","guid":{"rendered":"https:\/\/secureus.se\/produkt\/fargo-dtc4500e-dual-sided-id-card-printer-with-dual-sided-lamination\/"},"modified":"2026-04-08T16:27:14","modified_gmt":"2026-04-08T14:27:14","slug":"kortskrivare-fargo-dtc4500e-lamination-magnetic-encoder","status":"publish","type":"product","link":"https:\/\/secureus.se\/de\/kortskrivare-fargo-dtc4500e-lamination-magnetic-encoder\/","title":{"rendered":"Fargo DTC4500e Duplex-Kartendrucker \u2013 mit Laminierung und ISO-Magnetkodierer"},"content":{"rendered":"<div class=\"long_desc\">\n<p><strong>Maximale Leistung mit dem Fargo DTC4500e:<\/strong> Der doppelseitige ID-Kartendrucker DTC4500e von Fargo wurde f\u00fcr Unternehmen entwickelt, die beim Drucken von ID-Karten eine hohe Kapazit\u00e4t und Flexibilit\u00e4t ben\u00f6tigen. Mit einem robusten und zuverl\u00e4ssigen Druckwerk bietet dieser Drucker Geschwindigkeit, Leistung und Vielseitigkeit.<\/p>\n<p><strong>Funktionen und Vorteile:<\/strong><\/p>\n<ul>\n<li><strong>Hohe Kapazit\u00e4t:<\/strong> Ausgestattet mit gro\u00dfen Rollen, die doppelt so viele Farbkarten erm\u00f6glichen, bevor die Rolle gewechselt werden muss, was Zeit spart und die Effizienz erh\u00f6ht.<\/li>\n<li><strong>Sicherheit:<\/strong> Mit der patentierten Sicherheitsl\u00f6sung und dem ISO-Magnetkodierer k\u00f6nnen Sie Karten mit Sicherheitsinformationen kodieren.<\/li>\n<li><strong>Flexibilit\u00e4t:<\/strong> Das modulare Design erm\u00f6glicht Vor-Ort-Upgrades f\u00fcr die Laminierungs- und Kartencodierungstechnologie.<\/li>\n<li><strong>Verbindungen:<\/strong> L\u00e4sst sich problemlos \u00fcber USB und Ethernet in bestehende IT-Infrastrukturen integrieren und erm\u00f6glicht die zentrale oder entfernte Ausstellung von Ausweisen.<\/li>\n<\/ul>\n<p><strong>Technische Spezifikation:<\/strong><\/p>\n<ul>\n<li><strong>Druckgeschwindigkeit:<\/strong> Bis zu 120 Karten pro Stunde (Farbdruck, doppelseitig).<\/li>\n<li><strong>Kapazit\u00e4t:<\/strong> Kartenzuf\u00fchrung mit zwei Eing\u00e4ngen f\u00fcr 200 Karten und Ausgabe von bis zu 100 Karten.<\/li>\n<li><strong>Kartentyp:<\/strong> ISO 7810-Format, CR80, ID-1-Gr\u00f6\u00dfe, kompatibel mit PVC, PET und PC-Karte.<\/li>\n<\/ul>\n<p>Mit seiner dreij\u00e4hrigen Garantie und seinem langlebigen Design bietet der Fargo DTC4500e eine zuverl\u00e4ssige und langfristige L\u00f6sung f\u00fcr alle Ihre Anforderungen an den Druck von ID-Karten.<\/p>\n<\/div>","protected":false},"excerpt":{"rendered":"<p>Der Fargo DTC4500e ist ein doppelseitiger ID-Kartendrucker mit USB, Ethernet und ISO-Magnetstreifenkodierer.<\/p>\n<p>Es bietet ein hohes Volumen und eine hohe Qualit\u00e4t mit Laminierung und sorgt so f\u00fcr langlebige und sichere Ausweise.<\/p>\n<p>Mit abschlie\u00dfbaren F\u00e4chern f\u00fcr zus\u00e4tzliche Sicherheit und einer beeindruckenden Druckkapazit\u00e4t ist der DTC4500e die perfekte L\u00f6sung f\u00fcr Ihre ID-Kartenanforderungen.<\/p>","protected":false},"featured_media":144294,"template":"","meta":{"_acf_changed":false},"product_brand":[],"product_cat":[3206],"product_tag":[2830,3172,3177,4863,3069],"class_list":{"0":"post-53537","1":"product","2":"type-product","3":"status-publish","4":"has-post-thumbnail","6":"product_cat-fargo","7":"product_tag-kortprinter-direct-to-card","8":"product_tag-dubbelsidig-dual-side","9":"product_tag-fargo","10":"product_tag-pf","11":"product_tag-trade-produkt","12":"product_shipping_class-tunga-paket","13":"pa_brands-fargo","14":"pa_fabrikat-kortskrivare-fargo","15":"tm-no-options","17":"first","18":"outofstock","19":"sale","20":"taxable","21":"shipping-taxable","22":"purchasable","23":"product-type-simple"},"acf":[],"_links":{"self":[{"href":"https:\/\/secureus.se\/de\/wp-json\/wp\/v2\/product\/53537","targetHints":{"allow":["GET"]}}],"collection":[{"href":"https:\/\/secureus.se\/de\/wp-json\/wp\/v2\/product"}],"about":[{"href":"https:\/\/secureus.se\/de\/wp-json\/wp\/v2\/types\/product"}],"wp:featuredmedia":[{"embeddable":true,"href":"https:\/\/secureus.se\/de\/wp-json\/wp\/v2\/media\/144294"}],"wp:attachment":[{"href":"https:\/\/secureus.se\/de\/wp-json\/wp\/v2\/media?parent=53537"}],"wp:term":[{"taxonomy":"product_brand","embeddable":true,"href":"https:\/\/secureus.se\/de\/wp-json\/wp\/v2\/product_brand?post=53537"},{"taxonomy":"product_cat","embeddable":true,"href":"https:\/\/secureus.se\/de\/wp-json\/wp\/v2\/product_cat?post=53537"},{"taxonomy":"product_tag","embeddable":true,"href":"https:\/\/secureus.se\/de\/wp-json\/wp\/v2\/product_tag?post=53537"}],"curies":[{"name":"wp","href":"https:\/\/api.w.org\/{rel}","templated":true}]}}