{"id":53562,"date":"2022-06-21T18:15:33","date_gmt":"2022-06-21T16:15:33","guid":{"rendered":"https:\/\/secureus.se\/produkt\/fargo-45614-ymckok-half-panel-colour-ribbon-650-prints\/"},"modified":"2026-03-26T10:15:41","modified_gmt":"2026-03-26T09:15:41","slug":"ribbon-fargo-45614-ymckok-half-panel-colour-ribbon-650-prints","status":"publish","type":"product","link":"https:\/\/secureus.se\/de\/ribbon-fargo-45614-ymckok-half-panel-colour-ribbon-650-prints\/","title":{"rendered":"Fargo 45614 YMCKOK Halbpanel-Farbband (650 Drucke)"},"content":{"rendered":"<p>Das Fargo 45614 ist ein YMCKOK-Halbpanel-Farbband, bei dem es sich um ein halbgro\u00dfes Gelb-, Magenta- und Cyan-Panel handelt, das Bilder in Fotoqualit\u00e4t auf eine H\u00e4lfte einer Karte drucken kann, w\u00e4hrend die beiden schwarzen Harzpanels Klartext und Barcodes drucken k\u00f6nnen die andere H\u00e4lfte und umgekehrt. Die im Lieferumfang enthaltene transparente Auflage sch\u00fctzt die Karten au\u00dferdem vor allt\u00e4glichem Gebrauch.<\/p>\n<ul>\n<li>\n<p>650 Drucke<\/p>\n<\/li>\n<li>\n<p>YMCKOK-Farbband (Gelb, Magenta, Cyan, zwei Schwarz und Overlay-Panels)<\/p>\n<\/li>\n<li>\n<p>Kompatibel mit dem Kartendrucker Fargo DTC1500<\/p>\n<\/li>\n<\/ul>\n<p>\n <strong><br \/>\n Produktgewicht:<br \/>\n 0,35 kg<br \/>\n <\/strong>\n <\/p>","protected":false},"excerpt":{"rendered":"<p>Farbband \u2013 Farbband \u2013 R\u00fcck\u00fcbertragung auf Kartendrucker und Plastikkartendrucker<\/p>","protected":false},"featured_media":144015,"template":"","meta":{"_acf_changed":false},"product_brand":[],"product_cat":[3214,4843],"product_tag":[3201,4863,2921,3069],"class_list":{"0":"post-53562","1":"product","2":"type-product","3":"status-publish","4":"has-post-thumbnail","6":"product_cat-fargo-fargband-retransfer","7":"product_cat-dtc1500-band","8":"product_tag-fargo-tillbehor","9":"product_tag-pf","10":"product_tag-ribbon-ymck-farg","11":"product_tag-trade-produkt","12":"product_shipping_class-tunga-paket","13":"pa_brands-fargo","14":"pa_fargband-kortskrivare-fargo","15":"tm-has-options","17":"first","18":"outofstock","19":"sale","20":"taxable","21":"shipping-taxable","22":"purchasable","23":"product-type-simple"},"acf":[],"_links":{"self":[{"href":"https:\/\/secureus.se\/de\/wp-json\/wp\/v2\/product\/53562","targetHints":{"allow":["GET"]}}],"collection":[{"href":"https:\/\/secureus.se\/de\/wp-json\/wp\/v2\/product"}],"about":[{"href":"https:\/\/secureus.se\/de\/wp-json\/wp\/v2\/types\/product"}],"wp:featuredmedia":[{"embeddable":true,"href":"https:\/\/secureus.se\/de\/wp-json\/wp\/v2\/media\/144015"}],"wp:attachment":[{"href":"https:\/\/secureus.se\/de\/wp-json\/wp\/v2\/media?parent=53562"}],"wp:term":[{"taxonomy":"product_brand","embeddable":true,"href":"https:\/\/secureus.se\/de\/wp-json\/wp\/v2\/product_brand?post=53562"},{"taxonomy":"product_cat","embeddable":true,"href":"https:\/\/secureus.se\/de\/wp-json\/wp\/v2\/product_cat?post=53562"},{"taxonomy":"product_tag","embeddable":true,"href":"https:\/\/secureus.se\/de\/wp-json\/wp\/v2\/product_tag?post=53562"}],"curies":[{"name":"wp","href":"https:\/\/api.w.org\/{rel}","templated":true}]}}