{"id":53569,"date":"2022-06-21T18:14:48","date_gmt":"2022-06-21T16:14:48","guid":{"rendered":"https:\/\/secureus.se\/produkt\/magicard-prima-836-retransfer-film-1000-prints\/"},"modified":"2026-04-21T15:24:29","modified_gmt":"2026-04-21T13:24:29","slug":"ribbon-magicard-prima-836-retransfer-film-1000-prints","status":"publish","type":"product","link":"https:\/\/secureus.se\/de\/ribbon-magicard-prima-836-retransfer-film-1000-prints\/","title":{"rendered":"Ribbon Magicard Prima 836 Retransferfolie (1.000 Drucke)"},"content":{"rendered":"<p>Die Retransferfolie Magicard Prima 836 ist f\u00fcr die Verwendung mit dem Retransferdrucker Magicard Prima 8 bestimmt. Diese Folie von herausragender Qualit\u00e4t bietet eine Schutzschicht, um die Haltbarkeit der Karte vor Kratzern, Ausbleichen und allt\u00e4glichem Abrieb zu erh\u00f6hen.<\/p>\n<ul>\n<li>1.000 Drucke pro Rolle<\/li>\n<li>Film erneut \u00fcbertragen<\/li>\n<li>Kompatibel mit dem Kartendrucker Magicard Prima 8<\/li>\n<\/ul>\n<p>Hersteller-Teilenummer: PRIMA836<\/p>\n<p>\n <strong><br \/>\n Produktgewicht:<br \/>\n 0,40 kg<br \/>\n <\/strong>\n <\/p>","protected":false},"excerpt":{"rendered":"<p>Farbband \u2013 Farbband \u2013 R\u00fcck\u00fcbertragung auf Kartendrucker und Plastikkartendrucker<\/p>","protected":false},"featured_media":143768,"template":"","meta":{"_acf_changed":false},"product_brand":[],"product_cat":[3216],"product_tag":[3182,4863,2923,3069],"class_list":{"0":"post-53569","1":"product","2":"type-product","3":"status-publish","4":"has-post-thumbnail","6":"product_cat-magicard-fargband-retransfer","7":"product_tag-magicard-tillbehor","8":"product_tag-pf","9":"product_tag-ribbon-retransfer","10":"product_tag-trade-produkt","11":"product_shipping_class-tunga-paket","12":"pa_brands-magicard","13":"pa_fargband-kortskrivare-magicard","14":"tm-has-options","16":"first","17":"instock","18":"sale","19":"taxable","20":"shipping-taxable","21":"purchasable","22":"product-type-simple"},"acf":[],"_links":{"self":[{"href":"https:\/\/secureus.se\/de\/wp-json\/wp\/v2\/product\/53569","targetHints":{"allow":["GET"]}}],"collection":[{"href":"https:\/\/secureus.se\/de\/wp-json\/wp\/v2\/product"}],"about":[{"href":"https:\/\/secureus.se\/de\/wp-json\/wp\/v2\/types\/product"}],"wp:featuredmedia":[{"embeddable":true,"href":"https:\/\/secureus.se\/de\/wp-json\/wp\/v2\/media\/143768"}],"wp:attachment":[{"href":"https:\/\/secureus.se\/de\/wp-json\/wp\/v2\/media?parent=53569"}],"wp:term":[{"taxonomy":"product_brand","embeddable":true,"href":"https:\/\/secureus.se\/de\/wp-json\/wp\/v2\/product_brand?post=53569"},{"taxonomy":"product_cat","embeddable":true,"href":"https:\/\/secureus.se\/de\/wp-json\/wp\/v2\/product_cat?post=53569"},{"taxonomy":"product_tag","embeddable":true,"href":"https:\/\/secureus.se\/de\/wp-json\/wp\/v2\/product_tag?post=53569"}],"curies":[{"name":"wp","href":"https:\/\/api.w.org\/{rel}","templated":true}]}}