{"id":53576,"date":"2022-06-21T18:14:05","date_gmt":"2022-06-21T16:14:05","guid":{"rendered":"https:\/\/secureus.se\/produkt\/fargo-hdp5600-ymckh-full-colour-ribbon-with-resin-black-heat-seal-panel-084513-500-prints\/"},"modified":"2026-03-26T10:12:09","modified_gmt":"2026-03-26T09:12:09","slug":"ribbon-fargo-hdp5600-ymckh-full-colour-ribbon-with-resin-black-heat-seal-panel-084513-500-prints","status":"publish","type":"product","link":"https:\/\/secureus.se\/de\/ribbon-fargo-hdp5600-ymckh-full-colour-ribbon-with-resin-black-heat-seal-panel-084513-500-prints\/","title":{"rendered":"Fargo HDP5600 YMCKH Vollfarbband mit Harzschwarz und Hei\u00dfsiegelplatte, 084513 (500 Drucke)"},"content":{"rendered":"<p>Das Fargo HDP5600 084513 YMCKH-Farbband ist ein f\u00fcnfteiliges Vollfarbfarbband mit schwarzem Harz, das f\u00fcr die Verwendung mit Fargo HDP5600-Kartendruckern geeignet ist. Dieses Farbband verf\u00fcgt \u00fcber eine Hei\u00dfsiegelplatte, um eine d\u00fcnne Schicht aus klarem Laminat sicher zu verschwei\u00dfen, insbesondere auf Plastikkarten mit unebener Oberfl\u00e4che.<\/p>\n<ul>\n<li>500 einseitige Vollfarbdrucke<\/li>\n<li>YMCKH-Farbband (Gelb, Magenta, Cyan, Schwarz und Hei\u00dfsiegelplatten)<\/li>\n<li>Herstellercode: 084513<\/li>\n<\/ul>\n<p>Kompatibel mit dem Fargo HDP5600 Kartendrucker<\/p>\n<p>\n <strong><br \/>\n Produktgewicht:<br \/>\n 0,25 kg<br \/>\n <\/strong>\n <\/p>","protected":false},"excerpt":{"rendered":"<p>Farbband \u2013 Farbband \u2013 R\u00fcck\u00fcbertragung auf Kartendrucker und Plastikkartendrucker<\/p>","protected":false},"featured_media":143811,"template":"","meta":{"_acf_changed":false},"product_brand":[],"product_cat":[3214],"product_tag":[3201,4863,2922,2921,3069],"class_list":{"0":"post-53576","1":"product","2":"type-product","3":"status-publish","4":"has-post-thumbnail","6":"product_cat-fargo-fargband-retransfer","7":"product_tag-fargo-tillbehor","8":"product_tag-pf","9":"product_tag-ribbon-svart-black","10":"product_tag-ribbon-ymck-farg","11":"product_tag-trade-produkt","12":"product_shipping_class-tunga-paket","13":"pa_brands-fargo","14":"pa_fargband-kortskrivare-fargo","15":"tm-has-options","17":"first","18":"outofstock","19":"sale","20":"taxable","21":"shipping-taxable","22":"purchasable","23":"product-type-simple"},"acf":[],"_links":{"self":[{"href":"https:\/\/secureus.se\/de\/wp-json\/wp\/v2\/product\/53576","targetHints":{"allow":["GET"]}}],"collection":[{"href":"https:\/\/secureus.se\/de\/wp-json\/wp\/v2\/product"}],"about":[{"href":"https:\/\/secureus.se\/de\/wp-json\/wp\/v2\/types\/product"}],"wp:featuredmedia":[{"embeddable":true,"href":"https:\/\/secureus.se\/de\/wp-json\/wp\/v2\/media\/143811"}],"wp:attachment":[{"href":"https:\/\/secureus.se\/de\/wp-json\/wp\/v2\/media?parent=53576"}],"wp:term":[{"taxonomy":"product_brand","embeddable":true,"href":"https:\/\/secureus.se\/de\/wp-json\/wp\/v2\/product_brand?post=53576"},{"taxonomy":"product_cat","embeddable":true,"href":"https:\/\/secureus.se\/de\/wp-json\/wp\/v2\/product_cat?post=53576"},{"taxonomy":"product_tag","embeddable":true,"href":"https:\/\/secureus.se\/de\/wp-json\/wp\/v2\/product_tag?post=53576"}],"curies":[{"name":"wp","href":"https:\/\/api.w.org\/{rel}","templated":true}]}}