{"id":53580,"date":"2022-06-21T18:13:46","date_gmt":"2022-06-21T16:13:46","guid":{"rendered":"https:\/\/secureus.se\/produkt\/fargo-44240-ymckok-colour-ribbon-200-prints\/"},"modified":"2026-04-08T17:08:31","modified_gmt":"2026-04-08T15:08:31","slug":"ribbon-fargo-44240-ymckok-colour-ribbon-200-prints","status":"publish","type":"product","link":"https:\/\/secureus.se\/de\/ribbon-fargo-44240-ymckok-colour-ribbon-200-prints\/","title":{"rendered":"Fargo YMCKOK-Band \u2013 44240 (200 Drucke)"},"content":{"rendered":"<h1>Schleife<br \/>\n  Fargo YMCKOK &#8211; 44240 (200 utskrifter)<\/h1>\n<p>F\u00e4rgband Fargo YMCKOK &#8211; 44240 (200 utskrifter) \u00e4r ett f\u00e4rgband f\u00f6r<br \/>\n  Bedrucken von Plastikkarten mit kr\u00e4ftigen Farben, klarem Text und guter Qualit\u00e4t<br \/>\n  Detailgetreue Wiedergabe. Das Farbband vom Typ YMCKOK bietet die richtige Kombination aus Farbfeldern und<br \/>\n  Schutzfolie f\u00fcr den professionellen Kartendruck.<\/p>\n<p>Geeignet f\u00fcr Ausweise, Zugangskarten, Mitgliedskarten und andere<br \/>\n  Plastikkarten, bei denen hohe Druckqualit\u00e4t und Zuverl\u00e4ssigkeit wichtig sind<br \/>\n  wichtig.<\/p>\n<ul>\n<li>Kapazit\u00e4t: bis zu 200 Ausdrucke<\/li>\n<li>Bandtyp: YMCKOK<\/li>\n<li>Geeignet f\u00fcr den beidseitigen Kartendruck<\/li>\n<li>Artikelnummer: 44240<\/li>\n<\/ul>\n<p><strong>Kompatibel mit<br \/>\n  FargoDTC400.<\/strong><\/p>\n<p><strong>Produktgewicht:<\/strong> 0,23 kg<\/p>","protected":false},"excerpt":{"rendered":"<p>Farbband \u2013 Farbband \u2013 R\u00fcck\u00fcbertragung auf Kartendrucker und Plastikkartendrucker<\/p>","protected":false},"featured_media":143821,"template":"","meta":{"_acf_changed":false},"product_brand":[],"product_cat":[3214,4840],"product_tag":[3201,4863,2921,3069],"class_list":{"0":"post-53580","1":"product","2":"type-product","3":"status-publish","4":"has-post-thumbnail","6":"product_cat-fargo-fargband-retransfer","7":"product_cat-dtc400-band","8":"product_tag-fargo-tillbehor","9":"product_tag-pf","10":"product_tag-ribbon-ymck-farg","11":"product_tag-trade-produkt","12":"product_shipping_class-tunga-paket","13":"pa_brands-fargo","14":"pa_fargband-kortskrivare-fargo","15":"tm-has-options","17":"first","18":"instock","19":"sale","20":"taxable","21":"shipping-taxable","22":"purchasable","23":"product-type-simple"},"acf":[],"_links":{"self":[{"href":"https:\/\/secureus.se\/de\/wp-json\/wp\/v2\/product\/53580","targetHints":{"allow":["GET"]}}],"collection":[{"href":"https:\/\/secureus.se\/de\/wp-json\/wp\/v2\/product"}],"about":[{"href":"https:\/\/secureus.se\/de\/wp-json\/wp\/v2\/types\/product"}],"wp:featuredmedia":[{"embeddable":true,"href":"https:\/\/secureus.se\/de\/wp-json\/wp\/v2\/media\/143821"}],"wp:attachment":[{"href":"https:\/\/secureus.se\/de\/wp-json\/wp\/v2\/media?parent=53580"}],"wp:term":[{"taxonomy":"product_brand","embeddable":true,"href":"https:\/\/secureus.se\/de\/wp-json\/wp\/v2\/product_brand?post=53580"},{"taxonomy":"product_cat","embeddable":true,"href":"https:\/\/secureus.se\/de\/wp-json\/wp\/v2\/product_cat?post=53580"},{"taxonomy":"product_tag","embeddable":true,"href":"https:\/\/secureus.se\/de\/wp-json\/wp\/v2\/product_tag?post=53580"}],"curies":[{"name":"wp","href":"https:\/\/api.w.org\/{rel}","templated":true}]}}