{"id":53585,"date":"2022-06-21T18:13:17","date_gmt":"2022-06-21T16:13:17","guid":{"rendered":"https:\/\/secureus.se\/produkt\/hdp8500-standard-clear-film-084800-1500-images\/"},"modified":"2026-04-08T17:07:02","modified_gmt":"2026-04-08T15:07:02","slug":"ribbon-hdp8500-standard-clear-film-084800-1500-images","status":"publish","type":"product","link":"https:\/\/secureus.se\/de\/ribbon-hdp8500-standard-clear-film-084800-1500-images\/","title":{"rendered":"HDP8500 (1500 Bilder)"},"content":{"rendered":"<h1>HDP8500<br \/>\n  (1500 bilder)<\/h1>\n<p>HDP8500 (1500 bilder) \u00e4r en retransferfilm som anv\u00e4nds f\u00f6r att ge<br \/>\n  plastkort en j\u00e4mn, slitstark och professionell yta. Motivet skrivs p\u00e5 filmen<br \/>\n  och \u00f6verf\u00f6rs sedan till kortet, vilket ger h\u00f6g detaljrikedom och<br \/>\n  kant-till-kant-utskrift.<\/p>\n<p>Ett bra val n\u00e4r du vill \u00f6ka kortens livsl\u00e4ngd, f\u00f6rb\u00e4ttra<br \/>\n  slitstyrkan och f\u00e5 ett mer professionellt slutresultat. Anv\u00e4nds tillsammans<br \/>\n  med Fargo HDP ribbon to deliver your customers with high-quality card<br \/>\n  prints.<\/p>\n<ul>\n<li>Kapacitet: upp till 1 500 utskrifter per rulle<\/li>\n<li>Artikelnummer: 84800<\/li>\n<\/ul>\n<p><strong>Kompatibel med Fargo<br \/>\n  HDP8500.<\/strong><\/p>\n<p><strong>Produktgewicht:<\/strong> 0,25 kg<\/p>","protected":false},"excerpt":{"rendered":"<p>Farbband \u2013 Farbband \u2013 R\u00fcck\u00fcbertragung auf Kartendrucker und Plastikkartendrucker<\/p>","protected":false},"featured_media":144459,"template":"","meta":{"_acf_changed":false},"product_brand":[],"product_cat":[3214,4853],"product_tag":[3201,4863,2924,3069],"class_list":{"0":"post-53585","1":"product","2":"type-product","3":"status-publish","4":"has-post-thumbnail","6":"product_cat-fargo-fargband-retransfer","7":"product_cat-hdp8500-band","8":"product_tag-fargo-tillbehor","9":"product_tag-pf","10":"product_tag-ribbon-clearfilm-hologram-ovrigt","11":"product_tag-trade-produkt","12":"product_shipping_class-tunga-paket","13":"pa_brands-idp","14":"pa_fargband-kortskrivare-idp","15":"tm-has-options","17":"first","18":"instock","19":"sale","20":"taxable","21":"shipping-taxable","22":"purchasable","23":"product-type-simple"},"acf":[],"_links":{"self":[{"href":"https:\/\/secureus.se\/de\/wp-json\/wp\/v2\/product\/53585","targetHints":{"allow":["GET"]}}],"collection":[{"href":"https:\/\/secureus.se\/de\/wp-json\/wp\/v2\/product"}],"about":[{"href":"https:\/\/secureus.se\/de\/wp-json\/wp\/v2\/types\/product"}],"wp:featuredmedia":[{"embeddable":true,"href":"https:\/\/secureus.se\/de\/wp-json\/wp\/v2\/media\/144459"}],"wp:attachment":[{"href":"https:\/\/secureus.se\/de\/wp-json\/wp\/v2\/media?parent=53585"}],"wp:term":[{"taxonomy":"product_brand","embeddable":true,"href":"https:\/\/secureus.se\/de\/wp-json\/wp\/v2\/product_brand?post=53585"},{"taxonomy":"product_cat","embeddable":true,"href":"https:\/\/secureus.se\/de\/wp-json\/wp\/v2\/product_cat?post=53585"},{"taxonomy":"product_tag","embeddable":true,"href":"https:\/\/secureus.se\/de\/wp-json\/wp\/v2\/product_tag?post=53585"}],"curies":[{"name":"wp","href":"https:\/\/api.w.org\/{rel}","templated":true}]}}